{"id":2926,"date":"2023-11-01T01:39:49","date_gmt":"2023-11-01T01:39:49","guid":{"rendered":"https:\/\/community.1edo.com\/register\/"},"modified":"2026-01-14T15:35:45","modified_gmt":"2026-01-14T07:35:45","slug":"register","status":"publish","type":"page","link":"https:\/\/communitycdn2.1edo.com\/br\/register\/","title":{"rendered":"Registro"},"content":{"rendered":"<div data-elementor-type=\"wp-page\" data-elementor-id=\"2926\" class=\"elementor elementor-2926\" data-elementor-post-type=\"page\">\n\t\t\t\t<div class=\"elementor-element elementor-element-9088323 e-flex e-con-boxed e-con e-parent\" data-id=\"9088323\" data-element_type=\"container\">\n\t\t\t\t\t<div class=\"e-con-inner\">\n\t\t<div class=\"elementor-element elementor-element-45dfdc0 e-con-full e-flex e-con e-child\" data-id=\"45dfdc0\" data-element_type=\"container\" data-settings=\"{&quot;background_background&quot;:&quot;classic&quot;}\">\n\t\t\t\t<\/div>\n\t\t\t\t<div class=\"elementor-element elementor-element-763ea91 elementor-widget elementor-widget-heading\" data-id=\"763ea91\" data-element_type=\"widget\" data-widget_type=\"heading.default\">\n\t\t\t\t<div class=\"elementor-widget-container\">\n\t\t\t\t\t<h1 class=\"elementor-heading-title elementor-size-default\">CRIE A SUA CONTA AQUI<\/h1>\t\t\t\t<\/div>\n\t\t\t\t<\/div>\n\t\t\t\t<div class=\"elementor-element elementor-element-f2f8885 elementor-widget elementor-widget-heading\" data-id=\"f2f8885\" data-element_type=\"widget\" data-widget_type=\"heading.default\">\n\t\t\t\t<div class=\"elementor-widget-container\">\n\t\t\t\t\t<h6 class=\"elementor-heading-title elementor-size-default\">Preencha todos os campos para criar seu ID 1edo.<\/h6>\t\t\t\t<\/div>\n\t\t\t\t<\/div>\n\t\t\t\t\t<\/div>\n\t\t\t\t<\/div>\n\t\t<div class=\"elementor-element elementor-element-2db14988 e-flex e-con-boxed e-con e-parent\" data-id=\"2db14988\" data-element_type=\"container\">\n\t\t\t\t\t<div class=\"e-con-inner\">\n\t\t\t\t<div class=\"elementor-element elementor-element-df16b68 elementor-widget elementor-widget-text-editor\" data-id=\"df16b68\" data-element_type=\"widget\" data-widget_type=\"text-editor.default\">\n\t\t\t\t<div class=\"elementor-widget-container\">\n\t\t\t\t\t<p class=\"alert wppb-error\" id=\"wppb_form_general_message\">A fun\u00e7\u00e3o do usu\u00e1rio criado \u00e9 definida como a fun\u00e7\u00e3o padr\u00e3o. Somente um administrador pode registrar um usu\u00e1rio com a fun\u00e7\u00e3o atribu\u00edda a este formul\u00e1rio.<\/p>\t\t\t\t<p>        <form enctype=\"multipart\/form-data\" method=\"post\" id=\"wppb-register-user\" class=\"wppb-user-forms wppb-register-user wppb-user-logged-out\" action=\"https:\/\/communitycdn2.1edo.com\/br\/wp-json\/wp\/v2\/pages\/2926\" data-trp-original-action=\"https:\/\/communitycdn2.1edo.com\/br\/wp-json\/wp\/v2\/pages\/2926\">\n\t\t\t<ul><li class=\"wppb-form-field wppb-default-name-heading\" id=\"wppb-form-element-1\"><h4>Nome<\/h4><span class=\"wppb-description-delimiter\"><\/span><\/li><li class=\"wppb-form-field wppb-default-username\" id=\"wppb-form-element-2\">\n\t\t\t<label for=\"username\">Nome de usu\u00e1rio<span class=\"wppb-required\" title=\"Este campo \u00e9 obrigat\u00f3rio\">*<\/span><\/label>\n\t\t\t<input class=\"text-input default_field_username\" name=\"username\" maxlength=\"70\" type=\"text\" id=\"username\" value=\"username\"  \/><span class=\"wppb-description-delimiter\"> \u7528\u6237\u540d\u4e0d\u53ef\u66f4\u6539\u3002<\/span><\/li><li class=\"wppb-form-field wppb-default-first-name\" id=\"wppb-form-element-3\">\n\t\t\t<label for=\"first_name\">Primeiro nome<span class=\"wppb-required\" title=\"Este campo \u00e9 obrigat\u00f3rio\">*<\/span><\/label>\n\t\t\t<input class=\"text-input default_field_firstname\" name=\"first_name\" maxlength=\"70\" type=\"text\" id=\"first_name\" value=\"\"  \/><\/li><li class=\"wppb-form-field wppb-default-last-name\" id=\"wppb-form-element-4\">\n\t\t\t<label for=\"last_name\">Sobrenome<span class=\"wppb-required\" title=\"Este campo \u00e9 obrigat\u00f3rio\">*<\/span><\/label>\n\t\t\t<input class=\"text-input default_field_lastname\" name=\"last_name\" maxlength=\"70\" type=\"text\" id=\"last_name\" value=\"\" \/><\/li><li class=\"wppb-form-field wppb-default-nickname\" id=\"wppb-form-element-5\">\n\t\t\t<label for=\"nickname\">Apelido<\/label>\n\t\t\t<input class=\"text-input default_field_nickname\" name=\"nickname\" maxlength=\"70\" type=\"text\" id=\"nickname\" value=\"\" \/><\/li><li class=\"wppb-form-field wppb-default-display-name-publicly-as\" id=\"wppb-form-element-6\"><\/li><li class=\"wppb-form-field wppb-select-country\" id=\"wppb-form-element-18\">\n\t\t\t\t<label for=\"custom_field_2\">Pa\u00eds<span class=\"wppb-required\" title=\"Este campo \u00e9 obrigat\u00f3rio\">*<\/span><\/label>\n\t\t\t\t<select name=\"custom_field_2\" id=\"custom_field_2\" class=\"custom_field_country_select\" ><option value=\"\">Selecione um pa\u00eds<\/option><option value=\"AF\">Afeganist\u00e3o<\/option><option value=\"AX\">Ilhas Aland<\/option><option value=\"AL\">Alb\u00e2nia<\/option><option value=\"DZ\">Arg\u00e9lia<\/option><option value=\"AS\">Samoa Americana<\/option><option value=\"AD\">Andorra<\/option><option value=\"AO\">Angola<\/option><option value=\"AI\">Anguila<\/option><option value=\"AQ\">Ant\u00e1rtica<\/option><option value=\"AG\">Ant\u00edgua e Barbuda<\/option><option value=\"AR\">Argentina<\/option><option value=\"AM\">Arm\u00eania<\/option><option value=\"AW\">Aruba<\/option><option value=\"AU\">Austr\u00e1lia<\/option><option value=\"AT\">\u00c1ustria<\/option><option value=\"AZ\">Azerbaij\u00e3o<\/option><option value=\"BS\">Bahamas<\/option><option value=\"BH\">Bahrein<\/option><option value=\"BD\">Bangladesh<\/option><option value=\"BB\">Barbados<\/option><option value=\"BY\">Bielorr\u00fassia<\/option><option value=\"BE\">B\u00e9lgica<\/option><option value=\"BZ\">Belize<\/option><option value=\"BJ\">Benim<\/option><option value=\"BM\">Bermudas<\/option><option value=\"BT\">But\u00e3o<\/option><option value=\"BO\">Bol\u00edvia<\/option><option value=\"BQ\">Bonaire, Santo Eust\u00e1quio e Saba<\/option><option value=\"BA\">B\u00f3snia e Herzegovina<\/option><option value=\"BW\">Botsuana<\/option><option value=\"BV\">Ilha Bouvet<\/option><option value=\"BR\">Brasil<\/option><option value=\"IO\">Territ\u00f3rio Brit\u00e2nico do Oceano \u00cdndico<\/option><option value=\"VG\">Ilhas Virgens Brit\u00e2nicas<\/option><option value=\"BN\">Brunei<\/option><option value=\"BG\">Bulg\u00e1ria<\/option><option value=\"BF\">Burkina Faso<\/option><option value=\"BI\">Burundi<\/option><option value=\"KH\">Camboja<\/option><option value=\"CM\">Camar\u00f5es<\/option><option value=\"CA\">Canad\u00e1<\/option><option value=\"CV\">Cabo Verde<\/option><option value=\"KY\">Ilhas Cayman<\/option><option value=\"CF\">Rep\u00fablica Centro-Africana<\/option><option value=\"TD\">Chade<\/option><option value=\"CL\">Chile<\/option><option value=\"CN\">China<\/option><option value=\"CX\">Ilha Christmas<\/option><option value=\"CC\">Ilhas Cocos<\/option><option value=\"CO\">Col\u00f4mbia<\/option><option value=\"KM\">Comores<\/option><option value=\"CK\">Ilhas Cook<\/option><option value=\"CR\">Costa Rica<\/option><option value=\"HR\">Cro\u00e1cia<\/option><option value=\"CU\">Cuba<\/option><option value=\"CW\">Cura\u00e7ao<\/option><option value=\"CY\">Chipre<\/option><option value=\"CZ\">Rep\u00fablica Tcheca<\/option><option value=\"CD\">Rep\u00fablica Democr\u00e1tica do Congo<\/option><option value=\"DK\">Dinamarca<\/option><option value=\"DJ\">Djibuti<\/option><option value=\"DM\">Dominica<\/option><option value=\"DO\">Rep\u00fablica Dominicana<\/option><option value=\"TL\">Timor Leste<\/option><option value=\"EC\">Equador<\/option><option value=\"EG\">Egito<\/option><option value=\"SV\">El Salvador<\/option><option value=\"GQ\">Guin\u00e9 Equatorial<\/option><option value=\"ER\">Eritreia<\/option><option value=\"EE\">Est\u00f4nia<\/option><option value=\"ET\">Eti\u00f3pia<\/option><option value=\"FK\">Ilhas Malvinas<\/option><option value=\"FO\">Ilhas Faro\u00e9<\/option><option value=\"FJ\">Fiji<\/option><option value=\"FI\">Finl\u00e2ndia<\/option><option value=\"FR\">Fran\u00e7a<\/option><option value=\"GF\">Guiana Francesa<\/option><option value=\"PF\">Polin\u00e9sia Francesa<\/option><option value=\"TF\">Territ\u00f3rios Franceses do Sul<\/option><option value=\"GA\">Gab\u00e3o<\/option><option value=\"GM\">G\u00e2mbia<\/option><option value=\"GE\">Ge\u00f3rgia<\/option><option value=\"DE\">Alemanha<\/option><option value=\"GH\">Gana<\/option><option value=\"GI\">Gibraltar<\/option><option value=\"GR\">Gr\u00e9cia<\/option><option value=\"GL\">Groenl\u00e2ndia<\/option><option value=\"GD\">Granada<\/option><option value=\"GP\">Guadalupe<\/option><option value=\"GU\">Guam<\/option><option value=\"GT\">Guatemala<\/option><option value=\"GG\">Guernsey<\/option><option value=\"GN\">Guin\u00e9<\/option><option value=\"GW\">Guin\u00e9-Bissau<\/option><option value=\"GY\">Guiana<\/option><option value=\"HT\">Haiti<\/option><option value=\"HM\">Ilha Heard e Ilhas McDonald<\/option><option value=\"HN\">Honduras<\/option><option value=\"HK\">Hong Kong<\/option><option value=\"HU\">Hungria<\/option><option value=\"IS\">Isl\u00e2ndia<\/option><option value=\"IN\">\u00cdndia<\/option><option value=\"ID\">Indon\u00e9sia<\/option><option value=\"IR\">Ir\u00e3<\/option><option value=\"IQ\">Iraque<\/option><option value=\"IE\">Irlanda<\/option><option value=\"IM\">Ilha de Man<\/option><option value=\"IL\">Israel<\/option><option value=\"IT\">It\u00e1lia<\/option><option value=\"CI\">Costa do Marfim<\/option><option value=\"JM\">Jamaica<\/option><option value=\"JP\">Jap\u00e3o<\/option><option value=\"JE\">Jersey<\/option><option value=\"JO\">Jord\u00e2nia<\/option><option value=\"KZ\">Cazaquist\u00e3o<\/option><option value=\"KE\">Qu\u00eania<\/option><option value=\"KI\">Kiribati<\/option><option value=\"XK\">Kosovo<\/option><option value=\"KW\">Kuwait<\/option><option value=\"KG\">Quirguist\u00e3o<\/option><option value=\"LA\">Laos<\/option><option value=\"LV\">Let\u00f4nia<\/option><option value=\"LB\">L\u00edbano<\/option><option value=\"LS\">Lesoto<\/option><option value=\"LR\">Lib\u00e9ria<\/option><option value=\"LY\">L\u00edbia<\/option><option value=\"LI\">Liechtenstein<\/option><option value=\"LT\">Litu\u00e2nia<\/option><option value=\"LU\">Luxemburgo<\/option><option value=\"MO\">Macau<\/option><option value=\"MK\">Maced\u00f4nia<\/option><option value=\"MG\">Madag\u00e1scar<\/option><option value=\"MW\">Malawi<\/option><option value=\"MY\">Mal\u00e1sia<\/option><option value=\"MV\">Maldivas<\/option><option value=\"ML\">Mali<\/option><option value=\"MT\">Malta<\/option><option value=\"MH\">Ilhas Marshall<\/option><option value=\"MQ\">Martinica<\/option><option value=\"MR\">Maurit\u00e2nia<\/option><option value=\"MU\">Maur\u00edcio<\/option><option value=\"YT\">Maiote<\/option><option value=\"MX\">M\u00e9xico<\/option><option value=\"FM\">Micron\u00e9sia<\/option><option value=\"MD\">Mold\u00e1via<\/option><option value=\"MC\">M\u00f4naco<\/option><option value=\"MN\">Mong\u00f3lia<\/option><option value=\"ME\">Montenegro<\/option><option value=\"MS\">Montserrat<\/option><option value=\"MA\">Marrocos<\/option><option value=\"MZ\">Mo\u00e7ambique<\/option><option value=\"MM\">Mianmar<\/option><option value=\"NA\">Nam\u00edbia<\/option><option value=\"NR\">Nauru<\/option><option value=\"NP\">Nepal<\/option><option value=\"NL\">Holanda<\/option><option value=\"NC\">Nova Caled\u00f4nia<\/option><option value=\"NZ\">Nova Zel\u00e2ndia<\/option><option value=\"NI\">Nicar\u00e1gua<\/option><option value=\"NE\">N\u00edger<\/option><option value=\"NG\">Nig\u00e9ria<\/option><option value=\"NU\">Niue<\/option><option value=\"NF\">Ilha Norfolk<\/option><option value=\"KP\">Cor\u00e9ia do Norte<\/option><option value=\"MP\">Ilhas Marianas do Norte<\/option><option value=\"NO\">Noruega<\/option><option value=\"OM\">Om\u00e3<\/option><option value=\"PK\">Paquist\u00e3o<\/option><option value=\"PW\">Palau<\/option><option value=\"PS\">Territ\u00f3rio Palestino<\/option><option value=\"PA\">Panam\u00e1<\/option><option value=\"PG\">Papua Nova Guin\u00e9<\/option><option value=\"PY\">Paraguai<\/option><option value=\"PE\">Peru<\/option><option value=\"PH\">Filipinas<\/option><option value=\"PN\">Pitcairn<\/option><option value=\"PL\">Pol\u00f4nia<\/option><option value=\"PT\">Portugal<\/option><option value=\"PR\">Porto Rico<\/option><option value=\"QA\">Catar<\/option><option value=\"CG\">Rep\u00fablica do Congo<\/option><option value=\"RE\">Reuni\u00e3o<\/option><option value=\"RO\">Rom\u00eania<\/option><option value=\"RU\">R\u00fassia<\/option><option value=\"RW\">Ruanda<\/option><option value=\"BL\">S\u00e3o Bartolomeu<\/option><option value=\"SH\">Santa Helena<\/option><option value=\"KN\">S\u00e3o Crist\u00f3v\u00e3o e Nevis<\/option><option value=\"LC\">Santa L\u00facia<\/option><option value=\"MF\">S\u00e3o Martinho<\/option><option value=\"PM\">S\u00e3o Pedro e Miquelon<\/option><option value=\"VC\">S\u00e3o Vicente e Granadinas<\/option><option value=\"WS\">Samoa<\/option><option value=\"SM\">S\u00e3o Marino<\/option><option value=\"ST\">S\u00e3o Tom\u00e9 e Pr\u00edncipe<\/option><option value=\"SA\">Ar\u00e1bia Saudita<\/option><option value=\"SN\">Senegal<\/option><option value=\"RS\">S\u00e9rvia<\/option><option value=\"SC\">Seicheles<\/option><option value=\"SL\">Serra Leoa<\/option><option value=\"SG\">Cingapura<\/option><option value=\"SX\">S\u00e3o Martinho<\/option><option value=\"SK\">Eslov\u00e1quia<\/option><option value=\"SI\">Eslov\u00eania<\/option><option value=\"SB\">Ilhas Salom\u00e3o<\/option><option value=\"SO\">Som\u00e1lia<\/option><option value=\"ZA\">\u00c1frica do Sul<\/option><option value=\"GS\">Ilhas Ge\u00f3rgia do Sul e Sandwich do Sul<\/option><option value=\"KR\">Cor\u00e9ia do Sul<\/option><option value=\"SS\">Sud\u00e3o do Sul<\/option><option value=\"ES\">Espanha<\/option><option value=\"LK\">Sri Lanka<\/option><option value=\"SD\">Sud\u00e3o<\/option><option value=\"SR\">Suriname<\/option><option value=\"SJ\">Svalbard e Jan Mayen<\/option><option value=\"SZ\">Suazil\u00e2ndia<\/option><option value=\"SE\">Su\u00e9cia<\/option><option value=\"CH\">Su\u00ed\u00e7a<\/option><option value=\"SY\">S\u00edria<\/option><option value=\"TW\">Taiwan<\/option><option value=\"TJ\">Tajiquist\u00e3o<\/option><option value=\"TZ\">Tanz\u00e2nia<\/option><option value=\"TH\">Tail\u00e2ndia<\/option><option value=\"TG\">Ir<\/option><option value=\"TK\">Toquelau<\/option><option value=\"TO\">Tonga<\/option><option value=\"TT\">Trinidad e Tobago<\/option><option value=\"TN\">Tun\u00edsia<\/option><option value=\"TR\">Peru<\/option><option value=\"TM\">Turcomenist\u00e3o<\/option><option value=\"TC\">Ilhas Turcas e Caicos<\/option><option value=\"TV\">Tuvalu<\/option><option value=\"VI\">Ilhas Virgens Americanas<\/option><option value=\"UG\">Uganda<\/option><option value=\"UA\">Ucr\u00e2nia<\/option><option value=\"AE\">Emirados \u00c1rabes Unidos<\/option><option value=\"GB\">Reino Unido<\/option><option value=\"US\">Estados Unidos<\/option><option value=\"UM\">Ilhas Menores Distantes dos Estados Unidos<\/option><option value=\"UY\">Uruguai<\/option><option value=\"UZ\">Uzbequist\u00e3o<\/option><option value=\"VU\">Vanuatu<\/option><option value=\"VA\">Vaticano<\/option><option value=\"VE\">Venezuela<\/option><option value=\"VN\">Vietn\u00e3<\/option><option value=\"WF\">Wallis e Futuna<\/option><option value=\"EH\">Saara Ocidental<\/option><option value=\"YE\">I\u00e9men<\/option><option value=\"ZM\">Z\u00e2mbia<\/option><option value=\"ZW\">Zimb\u00e1bue<\/option>\n\t\t\t\t<\/select><\/li><li class=\"wppb-form-field wppb-phone\" id=\"wppb-form-element-7\">\n\t\t\t\t<label for=\"phone\">Telefone<span class=\"wppb-required\" title=\"Este campo \u00e9 obrigat\u00f3rio\">*<\/span><\/label>\n\t\t\t\t<input data-phone-format=\"{&quot;phone_data&quot;:0}\" class=\"extra_field_phone\" name=\"phone\" maxlength=\"70\" type=\"text\" id=\"phone\" value=\"\" \/><\/li><li class=\"wppb-form-field wppb-default-e-mail\" id=\"wppb-form-element-8\">\n\t\t\t<label for=\"email\">E-mail<span class=\"wppb-required\" title=\"Este campo \u00e9 obrigat\u00f3rio\">*<\/span><\/label>\n\t\t\t<input class=\"text-input default_field_email\" name=\"email\" maxlength=\"70\" type=\"email\" id=\"email\" value=\"\"   \/><\/li><li class=\"wppb-form-field wppb-default-password\" id=\"wppb-form-element-15\">\n\t\t\t<label for=\"passw1\">Senha<span class=\"wppb-required\" title=\"Este campo \u00e9 obrigat\u00f3rio\">*<\/span><\/label>\n            <span class=\"wppb-password-field-container\">\n\t\t\t    <input class=\"text-input\" name=\"passw1\" maxlength=\"70\" type=\"password\" id=\"passw1\" value=\"\" autocomplete=\"off\" \/>\n\t\t\t     <!-- add the HTML for the visibility toggle -->\n\t\t\t<\/span><span class=\"wppb-description-delimiter\">\u91cd\u590d\u65b0\u5bc6\u7801  <\/span><\/li><li class=\"wppb-form-field wppb-default-repeat-password\" id=\"wppb-form-element-16\">\n\t\t\t<label for=\"passw2\">Repita a senha<\/label>\n\t\t\t<span class=\"wppb-password-field-container\">\n\t\t\t    <input class=\"text-input\" name=\"passw2\" maxlength=\"70\" type=\"password\" id=\"passw2\" value=\"\" autocomplete=\"off\" \/>\n\t\t\t     <!-- add the HTML for the visibility toggle -->\n\t\t\t<\/span><span class=\"wppb-description-delimiter\">\u518d\u8f93\u5165\u4e00\u904d\u65b0\u5bc6\u7801\u3002<\/span><\/li><\/ul><ul><li class=\"wppb-form-field wppb-send-credentials-checkbox\"><label for=\"send_credentials_via_email\"><input id=\"send_credentials_via_email\" type=\"checkbox\" name=\"send_credentials_via_email\" value=\"sending\"\/>Envie essas credenciais por e-mail.<\/label><\/li><\/ul>\t\t\t<p class=\"form-submit\"  >\n\t\t\t\t                \t\t\t\t<input name=\"register\" type=\"submit\" id=\"register\" class=\"submit button\" value=\"Registro\" \/>\n                <input name=\"redirect_to\" type=\"hidden\" value=\"\" \/>\n                \t\t\t\t<input name=\"action\" type=\"hidden\" id=\"action\" value=\"register\" \/>\n\t\t\t\t<input name=\"form_name\" type=\"hidden\" id=\"form_name\" value=\"unspecified\" \/>\n\t\t\t\t<input name=\"form_id\" type=\"hidden\" id=\"form_id\" value=\"\" \/>\n\t\t\t\t\t\t\t<\/p><!-- .form-submit -->\n\t\t\t<input type=\"hidden\" id=\"register_unspecified_nonce_field\" name=\"register_unspecified_nonce_field\" value=\"7e3abdfa25\" \/><input type=\"hidden\" name=\"_wp_http_referer\" value=\"\/br\/wp-json\/wp\/v2\/pages\/2926\" \/>\t\t<input type=\"hidden\" name=\"trp-form-language\" value=\"br\"\/><\/form>\n\t\t<\/p>\t\t\t\t\t\t\t\t<\/div>\n\t\t\t\t<\/div>\n\t\t\t\t<div class=\"elementor-element elementor-element-9427073 elementor-widget__width-initial elementor-widget elementor-widget-shortcode\" data-id=\"9427073\" data-element_type=\"widget\" data-widget_type=\"shortcode.default\">\n\t\t\t\t<div class=\"elementor-widget-container\">\n\t\t\t\t\t\t\t<div class=\"elementor-shortcode\">[snippet xyz-ips = &quot;conte\u00fado do Facebook&quot;]<\/div>\n\t\t\t\t\t\t<\/div>\n\t\t\t\t<\/div>\n\t\t\t\t<div class=\"elementor-element elementor-element-194ea39 elementor-widget elementor-widget-heading\" data-id=\"194ea39\" data-element_type=\"widget\" data-widget_type=\"heading.default\">\n\t\t\t\t<div class=\"elementor-widget-container\">\n\t\t\t\t\t<h5 class=\"elementor-heading-title elementor-size-default\">TER UMA CONTA? CONECTE-SE<\/h5>\t\t\t\t<\/div>\n\t\t\t\t<\/div>\n\t\t\t\t\t<\/div>\n\t\t\t\t<\/div>\n\t\t\t\t<\/div>","protected":false},"excerpt":{"rendered":"","protected":false},"author":1,"featured_media":0,"parent":0,"menu_order":0,"comment_status":"closed","ping_status":"closed","template":"","meta":{"footnotes":""},"class_list":["post-2926","page","type-page","status-publish","hentry"],"yoast_head":"<!-- This site is optimized with the Yoast SEO Premium plugin v22.8 (Yoast SEO v26.7) - https:\/\/yoast.com\/wordpress\/plugins\/seo\/ -->\n<title>Register - 1edo community<\/title>\n<meta name=\"description\" content=\"1edo community, Create an account and fill in the username, password, email and other fields to create your 1edo ID\" \/>\n<meta name=\"robots\" content=\"index, follow, max-snippet:-1, max-image-preview:large, max-video-preview:-1\" \/>\n<link rel=\"canonical\" href=\"https:\/\/communitycdn2.1edo.com\/br\/register\/\" \/>\n<meta property=\"og:locale\" content=\"pt_BR\" \/>\n<meta property=\"og:type\" content=\"article\" \/>\n<meta property=\"og:title\" content=\"Register\" \/>\n<meta property=\"og:description\" content=\"1edo community, Create an account and fill in the username, password, email and other fields to create your 1edo ID\" \/>\n<meta property=\"og:url\" content=\"https:\/\/communitycdn2.1edo.com\/br\/register\/\" \/>\n<meta property=\"og:site_name\" content=\"1edo community\" \/>\n<meta property=\"article:modified_time\" content=\"2026-01-14T07:35:45+00:00\" \/>\n<meta name=\"twitter:card\" content=\"summary_large_image\" \/>\n<meta name=\"twitter:label1\" content=\"Est. tempo de leitura\" \/>\n\t<meta name=\"twitter:data1\" content=\"1 minuto\" \/>\n<script type=\"application\/ld+json\" class=\"yoast-schema-graph\">{\"@context\":\"https:\/\/schema.org\",\"@graph\":[{\"@type\":\"WebPage\",\"@id\":\"https:\/\/communitycdn2.1edo.com\/ar\/register\/\",\"url\":\"https:\/\/communitycdn2.1edo.com\/ar\/register\/\",\"name\":\"Register - 1edo community\",\"isPartOf\":{\"@id\":\"https:\/\/communitycdn2.1edo.com\/#website\"},\"datePublished\":\"2023-11-01T01:39:49+00:00\",\"dateModified\":\"2026-01-14T07:35:45+00:00\",\"description\":\"1edo community, Create an account and fill in the username, password, email and other fields to create your 1edo ID\",\"breadcrumb\":{\"@id\":\"https:\/\/communitycdn2.1edo.com\/ar\/register\/#breadcrumb\"},\"inLanguage\":\"pt-BR\",\"potentialAction\":[{\"@type\":\"ReadAction\",\"target\":[\"https:\/\/communitycdn2.1edo.com\/ar\/register\/\"]}]},{\"@type\":\"BreadcrumbList\",\"@id\":\"https:\/\/communitycdn2.1edo.com\/ar\/register\/#breadcrumb\",\"itemListElement\":[{\"@type\":\"ListItem\",\"position\":1,\"name\":\"Home\",\"item\":\"https:\/\/communitycdn2.1edo.com\/\"},{\"@type\":\"ListItem\",\"position\":2,\"name\":\"Register\"}]},{\"@type\":\"WebSite\",\"@id\":\"https:\/\/communitycdn2.1edo.com\/#website\",\"url\":\"https:\/\/communitycdn2.1edo.com\/\",\"name\":\"1edo community\",\"description\":\"1edo community\",\"potentialAction\":[{\"@type\":\"SearchAction\",\"target\":{\"@type\":\"EntryPoint\",\"urlTemplate\":\"https:\/\/communitycdn2.1edo.com\/?s={search_term_string}\"},\"query-input\":{\"@type\":\"PropertyValueSpecification\",\"valueRequired\":true,\"valueName\":\"search_term_string\"}}],\"inLanguage\":\"pt-BR\"}]}<\/script>\n<!-- \/ Yoast SEO Premium plugin. -->","yoast_head_json":{"title":"Cadastre-se - comunidade 1edo","description":"Comunidade 1edo, crie uma conta e preencha o nome de usu\u00e1rio, senha, email e outros campos para criar seu ID 1edo","robots":{"index":"index","follow":"follow","max-snippet":"max-snippet:-1","max-image-preview":"max-image-preview:large","max-video-preview":"max-video-preview:-1"},"canonical":"https:\/\/communitycdn2.1edo.com\/br\/register\/","og_locale":"pt_BR","og_type":"article","og_title":"Register","og_description":"1edo community, Create an account and fill in the username, password, email and other fields to create your 1edo ID","og_url":"https:\/\/communitycdn2.1edo.com\/br\/register\/","og_site_name":"1edo community","article_modified_time":"2026-01-14T07:35:45+00:00","twitter_card":"summary_large_image","twitter_misc":{"Est. tempo de leitura":"1 minuto"},"schema":{"@context":"https:\/\/schema.org","@graph":[{"@type":"WebPage","@id":"https:\/\/communitycdn2.1edo.com\/ar\/register\/","url":"https:\/\/communitycdn2.1edo.com\/ar\/register\/","name":"Cadastre-se - comunidade 1edo","isPartOf":{"@id":"https:\/\/communitycdn2.1edo.com\/#website"},"datePublished":"2023-11-01T01:39:49+00:00","dateModified":"2026-01-14T07:35:45+00:00","description":"Comunidade 1edo, crie uma conta e preencha o nome de usu\u00e1rio, senha, email e outros campos para criar seu ID 1edo","breadcrumb":{"@id":"https:\/\/communitycdn2.1edo.com\/ar\/register\/#breadcrumb"},"inLanguage":"pt-BR","potentialAction":[{"@type":"ReadAction","target":["https:\/\/communitycdn2.1edo.com\/ar\/register\/"]}]},{"@type":"BreadcrumbList","@id":"https:\/\/communitycdn2.1edo.com\/ar\/register\/#breadcrumb","itemListElement":[{"@type":"ListItem","position":1,"name":"Home","item":"https:\/\/communitycdn2.1edo.com\/"},{"@type":"ListItem","position":2,"name":"Register"}]},{"@type":"WebSite","@id":"https:\/\/communitycdn2.1edo.com\/#website","url":"https:\/\/communitycdn2.1edo.com\/","name":"comunidade 1edo","description":"comunidade 1edo","potentialAction":[{"@type":"SearchAction","target":{"@type":"EntryPoint","urlTemplate":"https:\/\/communitycdn2.1edo.com\/?s={search_term_string}"},"query-input":{"@type":"PropertyValueSpecification","valueRequired":true,"valueName":"search_term_string"}}],"inLanguage":"pt-BR"}]}},"_links":{"self":[{"href":"https:\/\/communitycdn2.1edo.com\/br\/wp-json\/wp\/v2\/pages\/2926","targetHints":{"allow":["GET"]}}],"collection":[{"href":"https:\/\/communitycdn2.1edo.com\/br\/wp-json\/wp\/v2\/pages"}],"about":[{"href":"https:\/\/communitycdn2.1edo.com\/br\/wp-json\/wp\/v2\/types\/page"}],"author":[{"embeddable":true,"href":"https:\/\/communitycdn2.1edo.com\/br\/wp-json\/wp\/v2\/users\/1"}],"replies":[{"embeddable":true,"href":"https:\/\/communitycdn2.1edo.com\/br\/wp-json\/wp\/v2\/comments?post=2926"}],"version-history":[{"count":0,"href":"https:\/\/communitycdn2.1edo.com\/br\/wp-json\/wp\/v2\/pages\/2926\/revisions"}],"wp:attachment":[{"href":"https:\/\/communitycdn2.1edo.com\/br\/wp-json\/wp\/v2\/media?parent=2926"}],"curies":[{"name":"wp","href":"https:\/\/api.w.org\/{rel}","templated":true}]}}