{"id":2926,"date":"2023-11-01T01:39:49","date_gmt":"2023-11-01T01:39:49","guid":{"rendered":"https:\/\/community.1edo.com\/register\/"},"modified":"2026-01-14T15:35:45","modified_gmt":"2026-01-14T07:35:45","slug":"register","status":"publish","type":"page","link":"https:\/\/communitycdn2.1edo.com\/cz\/register\/","title":{"rendered":"Registrovat"},"content":{"rendered":"<div data-elementor-type=\"wp-page\" data-elementor-id=\"2926\" class=\"elementor elementor-2926\" data-elementor-post-type=\"page\">\n\t\t\t\t<div class=\"elementor-element elementor-element-9088323 e-flex e-con-boxed e-con e-parent\" data-id=\"9088323\" data-element_type=\"container\">\n\t\t\t\t\t<div class=\"e-con-inner\">\n\t\t<div class=\"elementor-element elementor-element-45dfdc0 e-con-full e-flex e-con e-child\" data-id=\"45dfdc0\" data-element_type=\"container\" data-settings=\"{&quot;background_background&quot;:&quot;classic&quot;}\">\n\t\t\t\t<\/div>\n\t\t\t\t<div class=\"elementor-element elementor-element-763ea91 elementor-widget elementor-widget-heading\" data-id=\"763ea91\" data-element_type=\"widget\" data-widget_type=\"heading.default\">\n\t\t\t\t<div class=\"elementor-widget-container\">\n\t\t\t\t\t<h1 class=\"elementor-heading-title elementor-size-default\">VYTVO\u0158IT \u00da\u010cET<\/h1>\t\t\t\t<\/div>\n\t\t\t\t<\/div>\n\t\t\t\t<div class=\"elementor-element elementor-element-f2f8885 elementor-widget elementor-widget-heading\" data-id=\"f2f8885\" data-element_type=\"widget\" data-widget_type=\"heading.default\">\n\t\t\t\t<div class=\"elementor-widget-container\">\n\t\t\t\t\t<h6 class=\"elementor-heading-title elementor-size-default\">Vypl\u0148te v\u0161echna pole a vytvo\u0159te si sv\u00e9 1edo ID.<\/h6>\t\t\t\t<\/div>\n\t\t\t\t<\/div>\n\t\t\t\t\t<\/div>\n\t\t\t\t<\/div>\n\t\t<div class=\"elementor-element elementor-element-2db14988 e-flex e-con-boxed e-con e-parent\" data-id=\"2db14988\" data-element_type=\"container\">\n\t\t\t\t\t<div class=\"e-con-inner\">\n\t\t\t\t<div class=\"elementor-element elementor-element-df16b68 elementor-widget elementor-widget-text-editor\" data-id=\"df16b68\" data-element_type=\"widget\" data-widget_type=\"text-editor.default\">\n\t\t\t\t<div class=\"elementor-widget-container\">\n\t\t\t\t\t<p class=\"alert wppb-error\" id=\"wppb_form_general_message\">The role of the created user set to the default role. Only an administrator can register a user with the role assigned to this form.<\/p>\t\t\t\t<p>        <form enctype=\"multipart\/form-data\" method=\"post\" id=\"wppb-register-user\" class=\"wppb-user-forms wppb-register-user wppb-user-logged-out\" action=\"https:\/\/communitycdn2.1edo.com\/cz\/wp-json\/wp\/v2\/pages\/2926\" data-trp-original-action=\"https:\/\/communitycdn2.1edo.com\/cz\/wp-json\/wp\/v2\/pages\/2926\">\n\t\t\t<ul><li class=\"wppb-form-field wppb-default-name-heading\" id=\"wppb-form-element-1\"><h4>n\u00e1zev<\/h4><span class=\"wppb-description-delimiter\"><\/span><\/li><li class=\"wppb-form-field wppb-default-username\" id=\"wppb-form-element-2\">\n\t\t\t<label for=\"username\">U\u017eivatelsk\u00e9 jm\u00e9no<span class=\"wppb-required\" title=\"Toto pole je povinn\u00e9\">*<\/span><\/label>\n\t\t\t<input class=\"text-input default_field_username\" name=\"username\" maxlength=\"70\" type=\"text\" id=\"username\" value=\"username\"  \/><span class=\"wppb-description-delimiter\"> \u7528\u6237\u540d\u4e0d\u53ef\u66f4\u6539\u3002<\/span><\/li><li class=\"wppb-form-field wppb-default-first-name\" id=\"wppb-form-element-3\">\n\t\t\t<label for=\"first_name\">Jm\u00e9no<span class=\"wppb-required\" title=\"Toto pole je povinn\u00e9\">*<\/span><\/label>\n\t\t\t<input class=\"text-input default_field_firstname\" name=\"first_name\" maxlength=\"70\" type=\"text\" id=\"first_name\" value=\"\"  \/><\/li><li class=\"wppb-form-field wppb-default-last-name\" id=\"wppb-form-element-4\">\n\t\t\t<label for=\"last_name\">P\u0159\u00edjmen\u00ed<span class=\"wppb-required\" title=\"Toto pole je povinn\u00e9\">*<\/span><\/label>\n\t\t\t<input class=\"text-input default_field_lastname\" name=\"last_name\" maxlength=\"70\" type=\"text\" id=\"last_name\" value=\"\" \/><\/li><li class=\"wppb-form-field wppb-default-nickname\" id=\"wppb-form-element-5\">\n\t\t\t<label for=\"nickname\">Jm\u00e9no p\u0159ezd\u00edvky<\/label>\n\t\t\t<input class=\"text-input default_field_nickname\" name=\"nickname\" maxlength=\"70\" type=\"text\" id=\"nickname\" value=\"\" \/><\/li><li class=\"wppb-form-field wppb-default-display-name-publicly-as\" id=\"wppb-form-element-6\"><\/li><li class=\"wppb-form-field wppb-select-country\" id=\"wppb-form-element-18\">\n\t\t\t\t<label for=\"custom_field_2\">Zem\u011b<span class=\"wppb-required\" title=\"Toto pole je povinn\u00e9\">*<\/span><\/label>\n\t\t\t\t<select name=\"custom_field_2\" id=\"custom_field_2\" class=\"custom_field_country_select\" ><option value=\"\">Vyberte zemi<\/option><option value=\"AF\">Afgh\u00e1nist\u00e1n<\/option><option value=\"AX\">\u00c5landsk\u00e9 ostrovy<\/option><option value=\"AL\">Alb\u00e1nie<\/option><option value=\"DZ\">Al\u017e\u00edrsko<\/option><option value=\"AS\">Americk\u00e1 Samoa<\/option><option value=\"AD\">Andorra<\/option><option value=\"AO\">Angola<\/option><option value=\"AI\">Anguilla<\/option><option value=\"AQ\">Antarktida<\/option><option value=\"AG\">Antigua a Barbuda<\/option><option value=\"AR\">Argentina<\/option><option value=\"AM\">Arm\u00e9nie<\/option><option value=\"AW\">Aruba<\/option><option value=\"AU\">Austr\u00e1lie<\/option><option value=\"AT\">Rakousko<\/option><option value=\"AZ\">\u00c1zerbajd\u017e\u00e1n<\/option><option value=\"BS\">Bahamy<\/option><option value=\"BH\">Bahrajn<\/option><option value=\"BD\">Banglad\u00e9\u0161<\/option><option value=\"BB\">Barbados<\/option><option value=\"BY\">B\u011blorusko<\/option><option value=\"BE\">Belgie<\/option><option value=\"BZ\">Belize<\/option><option value=\"BJ\">Benin<\/option><option value=\"BM\">Bermudy<\/option><option value=\"BT\">Bh\u00fat\u00e1n<\/option><option value=\"BO\">Bol\u00edvie<\/option><option value=\"BQ\">Bonaire, Saint Eustatius a Saba<\/option><option value=\"BA\">Bosna a Hercegovina<\/option><option value=\"BW\">Botswana<\/option><option value=\"BV\">Bouvet\u016fv ostrov<\/option><option value=\"BR\">Braz\u00edlie<\/option><option value=\"IO\">Britsk\u00e9 indickooce\u00e1nsk\u00e9 \u00fazem\u00ed<\/option><option value=\"VG\">Britsk\u00e9 Panensk\u00e9 ostrovy<\/option><option value=\"BN\">Brunej<\/option><option value=\"BG\">Bulharsko<\/option><option value=\"BF\">Burkina Faso<\/option><option value=\"BI\">Burundi<\/option><option value=\"KH\">Kambod\u017ea<\/option><option value=\"CM\">Kamerun<\/option><option value=\"CA\">Kanada<\/option><option value=\"CV\">Kapverdy<\/option><option value=\"KY\">Kajmansk\u00e9 ostrovy<\/option><option value=\"CF\">St\u0159edoafrick\u00e1 republika<\/option><option value=\"TD\">\u010cad<\/option><option value=\"CL\">Chile<\/option><option value=\"CN\">\u010c\u00edna<\/option><option value=\"CX\">V\u00e1no\u010dn\u00ed ostrov<\/option><option value=\"CC\">Kokosov\u00e9 ostrovy<\/option><option value=\"CO\">Kolumbie<\/option><option value=\"KM\">Komory<\/option><option value=\"CK\">Cookovy ostrovy<\/option><option value=\"CR\">Kostarika<\/option><option value=\"HR\">Chorvatsko<\/option><option value=\"CU\">Kuba<\/option><option value=\"CW\">Cura\u00e7ao<\/option><option value=\"CY\">Kypr<\/option><option value=\"CZ\">\u010cesk\u00e1 republika<\/option><option value=\"CD\">Demokratick\u00e1 republika Kongo<\/option><option value=\"DK\">D\u00e1nsko<\/option><option value=\"DJ\">D\u017eibutsko<\/option><option value=\"DM\">Dominika<\/option><option value=\"DO\">Dominik\u00e1nsk\u00e1 republika<\/option><option value=\"TL\">V\u00fdchodn\u00ed Timor<\/option><option value=\"EC\">Ekv\u00e1dor<\/option><option value=\"EG\">Egypt<\/option><option value=\"SV\">Salvador<\/option><option value=\"GQ\">Rovn\u00edkov\u00e1 Guinea<\/option><option value=\"ER\">Eritrea<\/option><option value=\"EE\">Estonsko<\/option><option value=\"ET\">Etiopie<\/option><option value=\"FK\">Falklandsk\u00e9 ostrovy<\/option><option value=\"FO\">Faersk\u00e9 ostrovy<\/option><option value=\"FJ\">Fid\u017ei<\/option><option value=\"FI\">Finsko<\/option><option value=\"FR\">Francie<\/option><option value=\"GF\">Francouzsk\u00e1 Guyana<\/option><option value=\"PF\">Francouzsk\u00e1 Polyn\u00e9sie<\/option><option value=\"TF\">Francouzsk\u00e1 ji\u017en\u00ed \u00fazem\u00ed<\/option><option value=\"GA\">Gabon<\/option><option value=\"GM\">Gambie<\/option><option value=\"GE\">Gruzie<\/option><option value=\"DE\">N\u011bmecko<\/option><option value=\"GH\">Ghana<\/option><option value=\"GI\">Gibraltar<\/option><option value=\"GR\">\u0158ecko<\/option><option value=\"GL\">Gr\u00f3nsko<\/option><option value=\"GD\">Grenada<\/option><option value=\"GP\">Guadeloupe<\/option><option value=\"GU\">Guam<\/option><option value=\"GT\">Guatemala<\/option><option value=\"GG\">Guernsey<\/option><option value=\"GN\">Guinea<\/option><option value=\"GW\">Guinea-Bissau<\/option><option value=\"GY\">Guyana<\/option><option value=\"HT\">Haiti<\/option><option value=\"HM\">Heard\u016fv ostrov a McDonaldovy ostrovy<\/option><option value=\"HN\">Honduras<\/option><option value=\"HK\">Hongkong<\/option><option value=\"HU\">Ma\u010farsko<\/option><option value=\"IS\">Island<\/option><option value=\"IN\">Indie<\/option><option value=\"ID\">Indon\u00e9sie<\/option><option value=\"IR\">\u00cdr\u00e1n<\/option><option value=\"IQ\">Ir\u00e1k<\/option><option value=\"IE\">Irsko<\/option><option value=\"IM\">Ostrov Man<\/option><option value=\"IL\">Izrael<\/option><option value=\"IT\">It\u00e1lie<\/option><option value=\"CI\">Pob\u0159e\u017e\u00ed slonoviny<\/option><option value=\"JM\">Jamaica<\/option><option value=\"JP\">Japonsko<\/option><option value=\"JE\">Trikot<\/option><option value=\"JO\">Jord\u00e1n<\/option><option value=\"KZ\">Kazachst\u00e1n<\/option><option value=\"KE\">Ke\u0148a<\/option><option value=\"KI\">Kiribati<\/option><option value=\"XK\">Kosovo<\/option><option value=\"KW\">Kuvajt<\/option><option value=\"KG\">Kyrgyzst\u00e1n<\/option><option value=\"LA\">Laos<\/option><option value=\"LV\">Loty\u0161sko<\/option><option value=\"LB\">Libanon<\/option><option value=\"LS\">Lesotho<\/option><option value=\"LR\">Lib\u00e9rie<\/option><option value=\"LY\">Libye<\/option><option value=\"LI\">Lichten\u0161tejnsko<\/option><option value=\"LT\">Litva<\/option><option value=\"LU\">Lucembursko<\/option><option value=\"MO\">Macao<\/option><option value=\"MK\">Makedonie<\/option><option value=\"MG\">Madagaskar<\/option><option value=\"MW\">Malawi<\/option><option value=\"MY\">Malajsie<\/option><option value=\"MV\">Maledivy<\/option><option value=\"ML\">Mali<\/option><option value=\"MT\">Malta<\/option><option value=\"MH\">Marshallovy ostrovy<\/option><option value=\"MQ\">Martinik<\/option><option value=\"MR\">Maurit\u00e1nie<\/option><option value=\"MU\">Mauricius<\/option><option value=\"YT\">Mayotte<\/option><option value=\"MX\">Mexiko<\/option><option value=\"FM\">Mikron\u00e9sie<\/option><option value=\"MD\">Moldavsko<\/option><option value=\"MC\">Monako<\/option><option value=\"MN\">Mongolsko<\/option><option value=\"ME\">\u010cern\u00e1 Hora<\/option><option value=\"MS\">Montserrat<\/option><option value=\"MA\">Maroko<\/option><option value=\"MZ\">Mosambik<\/option><option value=\"MM\">Myanmar<\/option><option value=\"NA\">Namibie<\/option><option value=\"NR\">Nauru<\/option><option value=\"NP\">Nep\u00e1l<\/option><option value=\"NL\">Nizozem\u00ed<\/option><option value=\"NC\">Nov\u00e1 Kaledonie<\/option><option value=\"NZ\">Nov\u00fd Z\u00e9land<\/option><option value=\"NI\">Nikaragua<\/option><option value=\"NE\">Niger<\/option><option value=\"NG\">Nig\u00e9rie<\/option><option value=\"NU\">Niue<\/option><option value=\"NF\">Norfolksk\u00fd ostrov<\/option><option value=\"KP\">Severn\u00ed Korea<\/option><option value=\"MP\">Severn\u00ed Mariany<\/option><option value=\"NO\">Norsko<\/option><option value=\"OM\">Om\u00e1n<\/option><option value=\"PK\">P\u00e1kist\u00e1n<\/option><option value=\"PW\">Palau<\/option><option value=\"PS\">Palestinsk\u00e9 \u00fazem\u00ed<\/option><option value=\"PA\">Panama<\/option><option value=\"PG\">Papua Nov\u00e1 Guinea<\/option><option value=\"PY\">Paraguay<\/option><option value=\"PE\">Peru<\/option><option value=\"PH\">Filip\u00edny<\/option><option value=\"PN\">Pitcairn<\/option><option value=\"PL\">Polsko<\/option><option value=\"PT\">Portugalsko<\/option><option value=\"PR\">Portoriko<\/option><option value=\"QA\">Katar<\/option><option value=\"CG\">Republika Kongo<\/option><option value=\"RE\">Shled\u00e1n\u00ed<\/option><option value=\"RO\">Rumunsko<\/option><option value=\"RU\">Rusko<\/option><option value=\"RW\">Rwanda<\/option><option value=\"BL\">Svat\u00fd Bartolom\u011bj<\/option><option value=\"SH\">Svat\u00e1 Helena<\/option><option value=\"KN\">Svat\u00fd Kry\u0161tof a Nevis<\/option><option value=\"LC\">Svat\u00e1 Lucie<\/option><option value=\"MF\">Svat\u00fd Martin<\/option><option value=\"PM\">Saint-Pierre a Miquelon<\/option><option value=\"VC\">Svat\u00fd Vincenc a Grenadiny<\/option><option value=\"WS\">Samoa<\/option><option value=\"SM\">San Marino<\/option><option value=\"ST\">Svat\u00fd Tom\u00e1\u0161 a Princ\u016fv ostrov<\/option><option value=\"SA\">Sa\u00fadsk\u00e1 Ar\u00e1bie<\/option><option value=\"SN\">Senegal<\/option><option value=\"RS\">Srbsko<\/option><option value=\"SC\">Seychely<\/option><option value=\"SL\">Sierra Leone<\/option><option value=\"SG\">Singapur<\/option><option value=\"SX\">Svat\u00fd Martin<\/option><option value=\"SK\">Slovensko<\/option><option value=\"SI\">Slovinsko<\/option><option value=\"SB\">\u0160alamounovy ostrovy<\/option><option value=\"SO\">Som\u00e1lsko<\/option><option value=\"ZA\">Ji\u017en\u00ed Afrika<\/option><option value=\"GS\">Ji\u017en\u00ed Georgie a Ji\u017en\u00ed Sandwichovy ostrovy<\/option><option value=\"KR\">Ji\u017en\u00ed Korea<\/option><option value=\"SS\">Ji\u017en\u00ed S\u00fad\u00e1n<\/option><option value=\"ES\">\u0160pan\u011blsko<\/option><option value=\"LK\">Sr\u00ed Lanka<\/option><option value=\"SD\">S\u00fad\u00e1n<\/option><option value=\"SR\">Surinam<\/option><option value=\"SJ\">\u0160picberky a Jan Mayen<\/option><option value=\"SZ\">Svazijsko<\/option><option value=\"SE\">\u0160v\u00e9dsko<\/option><option value=\"CH\">\u0160v\u00fdcarsko<\/option><option value=\"SY\">S\u00fdrie<\/option><option value=\"TW\">Tchaj-wan<\/option><option value=\"TJ\">T\u00e1d\u017eikist\u00e1n<\/option><option value=\"TZ\">Tanzanie<\/option><option value=\"TH\">Thajsko<\/option><option value=\"TG\">Togo<\/option><option value=\"TK\">Tokelau<\/option><option value=\"TO\">Tonga<\/option><option value=\"TT\">Trinidad a Tobago<\/option><option value=\"TN\">Tunisko<\/option><option value=\"TR\">Turecko<\/option><option value=\"TM\">Turkmenist\u00e1n<\/option><option value=\"TC\">Ostrovy Turks a Caicos<\/option><option value=\"TV\">Tuvalu<\/option><option value=\"VI\">Americk\u00e9 Panensk\u00e9 ostrovy<\/option><option value=\"UG\">Uganda<\/option><option value=\"UA\">Ukrajina<\/option><option value=\"AE\">Spojen\u00e9 arabsk\u00e9 emir\u00e1ty<\/option><option value=\"GB\">Spojen\u00e9 kr\u00e1lovstv\u00ed<\/option><option value=\"US\">Spojen\u00e9 st\u00e1ty<\/option><option value=\"UM\">Men\u0161\u00ed odlehl\u00e9 ostrovy Spojen\u00fdch st\u00e1t\u016f<\/option><option value=\"UY\">Uruguay<\/option><option value=\"UZ\">Uzbekist\u00e1n<\/option><option value=\"VU\">Vanuatu<\/option><option value=\"VA\">Vatik\u00e1n<\/option><option value=\"VE\">Venezuela<\/option><option value=\"VN\">Vietnam<\/option><option value=\"WF\">Wallis a Futuna<\/option><option value=\"EH\">Z\u00e1padn\u00ed Sahara<\/option><option value=\"YE\">Jemen<\/option><option value=\"ZM\">Zambie<\/option><option value=\"ZW\">Zimbabwe<\/option>\n\t\t\t\t<\/select><\/li><li class=\"wppb-form-field wppb-phone\" id=\"wppb-form-element-7\">\n\t\t\t\t<label for=\"phone\">Telefon<span class=\"wppb-required\" title=\"Toto pole je povinn\u00e9\">*<\/span><\/label>\n\t\t\t\t<input data-phone-format=\"{&quot;phone_data&quot;:0}\" class=\"extra_field_phone\" name=\"phone\" maxlength=\"70\" type=\"text\" id=\"phone\" value=\"\" \/><\/li><li class=\"wppb-form-field wppb-default-e-mail\" id=\"wppb-form-element-8\">\n\t\t\t<label for=\"email\">E-mailem<span class=\"wppb-required\" title=\"Toto pole je povinn\u00e9\">*<\/span><\/label>\n\t\t\t<input class=\"text-input default_field_email\" name=\"email\" maxlength=\"70\" type=\"email\" id=\"email\" value=\"\"   \/><\/li><li class=\"wppb-form-field wppb-default-password\" id=\"wppb-form-element-15\">\n\t\t\t<label for=\"passw1\">Heslo<span class=\"wppb-required\" title=\"Toto pole je povinn\u00e9\">*<\/span><\/label>\n            <span class=\"wppb-password-field-container\">\n\t\t\t    <input class=\"text-input\" name=\"passw1\" maxlength=\"70\" type=\"password\" id=\"passw1\" value=\"\" autocomplete=\"off\" \/>\n\t\t\t     <!-- add the HTML for the visibility toggle -->\n\t\t\t<\/span><span class=\"wppb-description-delimiter\">\u91cd\u590d\u65b0\u5bc6\u7801  <\/span><\/li><li class=\"wppb-form-field wppb-default-repeat-password\" id=\"wppb-form-element-16\">\n\t\t\t<label for=\"passw2\">Zopakovat heslo<\/label>\n\t\t\t<span class=\"wppb-password-field-container\">\n\t\t\t    <input class=\"text-input\" name=\"passw2\" maxlength=\"70\" type=\"password\" id=\"passw2\" value=\"\" autocomplete=\"off\" \/>\n\t\t\t     <!-- add the HTML for the visibility toggle -->\n\t\t\t<\/span><span class=\"wppb-description-delimiter\">\u518d\u8f93\u5165\u4e00\u904d\u65b0\u5bc6\u7801\u3002<\/span><\/li><\/ul><ul><li class=\"wppb-form-field wppb-send-credentials-checkbox\"><label for=\"send_credentials_via_email\"><input id=\"send_credentials_via_email\" type=\"checkbox\" name=\"send_credentials_via_email\" value=\"sending\"\/>Send these credentials via email.<\/label><\/li><\/ul>\t\t\t<p class=\"form-submit\"  >\n\t\t\t\t                \t\t\t\t<input name=\"register\" type=\"submit\" id=\"register\" class=\"submit button\" value=\"Registrovat\" \/>\n                <input name=\"redirect_to\" type=\"hidden\" value=\"\" \/>\n                \t\t\t\t<input name=\"action\" type=\"hidden\" id=\"action\" value=\"register\" \/>\n\t\t\t\t<input name=\"form_name\" type=\"hidden\" id=\"form_name\" value=\"unspecified\" \/>\n\t\t\t\t<input name=\"form_id\" type=\"hidden\" id=\"form_id\" value=\"\" \/>\n\t\t\t\t\t\t\t<\/p><!-- .form-submit -->\n\t\t\t<input type=\"hidden\" id=\"register_unspecified_nonce_field\" name=\"register_unspecified_nonce_field\" value=\"7e3abdfa25\" \/><input type=\"hidden\" name=\"_wp_http_referer\" value=\"\/cz\/wp-json\/wp\/v2\/pages\/2926\" \/>\t\t<input type=\"hidden\" name=\"trp-form-language\" value=\"cz\"\/><\/form>\n\t\t<\/p>\t\t\t\t\t\t\t\t<\/div>\n\t\t\t\t<\/div>\n\t\t\t\t<div class=\"elementor-element elementor-element-9427073 elementor-widget__width-initial elementor-widget elementor-widget-shortcode\" data-id=\"9427073\" data-element_type=\"widget\" data-widget_type=\"shortcode.default\">\n\t\t\t\t<div class=\"elementor-widget-container\">\n\t\t\t\t\t\t\t<div class=\"elementor-shortcode\">[xyz-ips snippet=&quot;facebook-content&quot;]<\/div>\n\t\t\t\t\t\t<\/div>\n\t\t\t\t<\/div>\n\t\t\t\t<div class=\"elementor-element elementor-element-194ea39 elementor-widget elementor-widget-heading\" data-id=\"194ea39\" data-element_type=\"widget\" data-widget_type=\"heading.default\">\n\t\t\t\t<div class=\"elementor-widget-container\">\n\t\t\t\t\t<h5 class=\"elementor-heading-title elementor-size-default\">M\u00cdT \u00da\u010cET? P\u0158IHL\u00c1SIT SE<\/h5>\t\t\t\t<\/div>\n\t\t\t\t<\/div>\n\t\t\t\t\t<\/div>\n\t\t\t\t<\/div>\n\t\t\t\t<\/div>","protected":false},"excerpt":{"rendered":"","protected":false},"author":1,"featured_media":0,"parent":0,"menu_order":0,"comment_status":"closed","ping_status":"closed","template":"","meta":{"footnotes":""},"class_list":["post-2926","page","type-page","status-publish","hentry"],"yoast_head":"<!-- This site is optimized with the Yoast SEO Premium plugin v22.8 (Yoast SEO v26.7) - https:\/\/yoast.com\/wordpress\/plugins\/seo\/ -->\n<title>Register - 1edo community<\/title>\n<meta name=\"description\" content=\"1edo community, Create an account and fill in the username, password, email and other fields to create your 1edo ID\" \/>\n<meta name=\"robots\" content=\"index, follow, max-snippet:-1, max-image-preview:large, max-video-preview:-1\" \/>\n<link rel=\"canonical\" href=\"https:\/\/communitycdn2.1edo.com\/cz\/register\/\" \/>\n<meta property=\"og:locale\" content=\"cs_CZ\" \/>\n<meta property=\"og:type\" content=\"article\" \/>\n<meta property=\"og:title\" content=\"Register\" \/>\n<meta property=\"og:description\" content=\"1edo community, Create an account and fill in the username, password, email and other fields to create your 1edo ID\" \/>\n<meta property=\"og:url\" content=\"https:\/\/communitycdn2.1edo.com\/cz\/register\/\" \/>\n<meta property=\"og:site_name\" content=\"1edo community\" \/>\n<meta property=\"article:modified_time\" content=\"2026-01-14T07:35:45+00:00\" \/>\n<meta name=\"twitter:card\" content=\"summary_large_image\" \/>\n<meta name=\"twitter:label1\" content=\"Odhadovan\u00e1 doba \u010dten\u00ed\" \/>\n\t<meta name=\"twitter:data1\" content=\"1 minuta\" \/>\n<script type=\"application\/ld+json\" class=\"yoast-schema-graph\">{\"@context\":\"https:\/\/schema.org\",\"@graph\":[{\"@type\":\"WebPage\",\"@id\":\"https:\/\/communitycdn2.1edo.com\/ar\/register\/\",\"url\":\"https:\/\/communitycdn2.1edo.com\/ar\/register\/\",\"name\":\"Register - 1edo community\",\"isPartOf\":{\"@id\":\"https:\/\/communitycdn2.1edo.com\/#website\"},\"datePublished\":\"2023-11-01T01:39:49+00:00\",\"dateModified\":\"2026-01-14T07:35:45+00:00\",\"description\":\"1edo community, Create an account and fill in the username, password, email and other fields to create your 1edo ID\",\"breadcrumb\":{\"@id\":\"https:\/\/communitycdn2.1edo.com\/ar\/register\/#breadcrumb\"},\"inLanguage\":\"cs\",\"potentialAction\":[{\"@type\":\"ReadAction\",\"target\":[\"https:\/\/communitycdn2.1edo.com\/ar\/register\/\"]}]},{\"@type\":\"BreadcrumbList\",\"@id\":\"https:\/\/communitycdn2.1edo.com\/ar\/register\/#breadcrumb\",\"itemListElement\":[{\"@type\":\"ListItem\",\"position\":1,\"name\":\"Home\",\"item\":\"https:\/\/communitycdn2.1edo.com\/\"},{\"@type\":\"ListItem\",\"position\":2,\"name\":\"Register\"}]},{\"@type\":\"WebSite\",\"@id\":\"https:\/\/communitycdn2.1edo.com\/#website\",\"url\":\"https:\/\/communitycdn2.1edo.com\/\",\"name\":\"1edo community\",\"description\":\"1edo community\",\"potentialAction\":[{\"@type\":\"SearchAction\",\"target\":{\"@type\":\"EntryPoint\",\"urlTemplate\":\"https:\/\/communitycdn2.1edo.com\/?s={search_term_string}\"},\"query-input\":{\"@type\":\"PropertyValueSpecification\",\"valueRequired\":true,\"valueName\":\"search_term_string\"}}],\"inLanguage\":\"cs\"}]}<\/script>\n<!-- \/ Yoast SEO Premium plugin. -->","yoast_head_json":{"title":"Zaregistrujte se - komunita 1edo","description":"Komunita 1edo, Vytvo\u0159te si \u00fa\u010det a vypl\u0148te u\u017eivatelsk\u00e9 jm\u00e9no, heslo, e-mail a dal\u0161\u00ed pole pro vytvo\u0159en\u00ed va\u0161eho 1edo ID","robots":{"index":"index","follow":"follow","max-snippet":"max-snippet:-1","max-image-preview":"max-image-preview:large","max-video-preview":"max-video-preview:-1"},"canonical":"https:\/\/communitycdn2.1edo.com\/cz\/register\/","og_locale":"cs_CZ","og_type":"article","og_title":"Register","og_description":"1edo community, Create an account and fill in the username, password, email and other fields to create your 1edo ID","og_url":"https:\/\/communitycdn2.1edo.com\/cz\/register\/","og_site_name":"1edo community","article_modified_time":"2026-01-14T07:35:45+00:00","twitter_card":"summary_large_image","twitter_misc":{"Odhadovan\u00e1 doba \u010dten\u00ed":"1 minuta"},"schema":{"@context":"https:\/\/schema.org","@graph":[{"@type":"WebPage","@id":"https:\/\/communitycdn2.1edo.com\/ar\/register\/","url":"https:\/\/communitycdn2.1edo.com\/ar\/register\/","name":"Zaregistrujte se - komunita 1edo","isPartOf":{"@id":"https:\/\/communitycdn2.1edo.com\/#website"},"datePublished":"2023-11-01T01:39:49+00:00","dateModified":"2026-01-14T07:35:45+00:00","description":"Komunita 1edo, Vytvo\u0159te si \u00fa\u010det a vypl\u0148te u\u017eivatelsk\u00e9 jm\u00e9no, heslo, e-mail a dal\u0161\u00ed pole pro vytvo\u0159en\u00ed va\u0161eho 1edo ID","breadcrumb":{"@id":"https:\/\/communitycdn2.1edo.com\/ar\/register\/#breadcrumb"},"inLanguage":"cs","potentialAction":[{"@type":"ReadAction","target":["https:\/\/communitycdn2.1edo.com\/ar\/register\/"]}]},{"@type":"BreadcrumbList","@id":"https:\/\/communitycdn2.1edo.com\/ar\/register\/#breadcrumb","itemListElement":[{"@type":"ListItem","position":1,"name":"Home","item":"https:\/\/communitycdn2.1edo.com\/"},{"@type":"ListItem","position":2,"name":"Register"}]},{"@type":"WebSite","@id":"https:\/\/communitycdn2.1edo.com\/#website","url":"https:\/\/communitycdn2.1edo.com\/","name":"komunita 1edo","description":"komunita 1edo","potentialAction":[{"@type":"SearchAction","target":{"@type":"EntryPoint","urlTemplate":"https:\/\/communitycdn2.1edo.com\/?s={search_term_string}"},"query-input":{"@type":"PropertyValueSpecification","valueRequired":true,"valueName":"search_term_string"}}],"inLanguage":"cs"}]}},"_links":{"self":[{"href":"https:\/\/communitycdn2.1edo.com\/cz\/wp-json\/wp\/v2\/pages\/2926","targetHints":{"allow":["GET"]}}],"collection":[{"href":"https:\/\/communitycdn2.1edo.com\/cz\/wp-json\/wp\/v2\/pages"}],"about":[{"href":"https:\/\/communitycdn2.1edo.com\/cz\/wp-json\/wp\/v2\/types\/page"}],"author":[{"embeddable":true,"href":"https:\/\/communitycdn2.1edo.com\/cz\/wp-json\/wp\/v2\/users\/1"}],"replies":[{"embeddable":true,"href":"https:\/\/communitycdn2.1edo.com\/cz\/wp-json\/wp\/v2\/comments?post=2926"}],"version-history":[{"count":0,"href":"https:\/\/communitycdn2.1edo.com\/cz\/wp-json\/wp\/v2\/pages\/2926\/revisions"}],"wp:attachment":[{"href":"https:\/\/communitycdn2.1edo.com\/cz\/wp-json\/wp\/v2\/media?parent=2926"}],"curies":[{"name":"wp","href":"https:\/\/api.w.org\/{rel}","templated":true}]}}