{"id":3774,"date":"2023-11-06T02:16:35","date_gmt":"2023-11-06T02:16:35","guid":{"rendered":"https:\/\/community.1edo.com\/?page_id=3774"},"modified":"2026-01-12T02:51:06","modified_gmt":"2026-01-12T02:51:06","slug":"send-mail","status":"publish","type":"page","link":"https:\/\/communitycdn2.1edo.com\/de\/send-mail\/","title":{"rendered":"E-Mail senden"},"content":{"rendered":"<div data-elementor-type=\"wp-page\" data-elementor-id=\"3774\" class=\"elementor elementor-3774\" data-elementor-post-type=\"page\">\n\t\t\t\t<div class=\"elementor-element elementor-element-7ef5f0e e-flex e-con-boxed e-con e-parent\" data-id=\"7ef5f0e\" data-element_type=\"container\" data-settings=\"{&quot;background_background&quot;:&quot;classic&quot;}\">\n\t\t\t\t\t<div class=\"e-con-inner\">\n\t\t<div class=\"elementor-element elementor-element-3f2a5ca e-flex e-con-boxed e-con e-child\" data-id=\"3f2a5ca\" data-element_type=\"container\" data-settings=\"{&quot;background_background&quot;:&quot;classic&quot;}\">\n\t\t\t\t\t<div class=\"e-con-inner\">\n\t\t\t\t\t<\/div>\n\t\t\t\t<\/div>\n\t\t\t\t<div class=\"elementor-element elementor-element-395a3ef elementor-widget elementor-widget-heading\" data-id=\"395a3ef\" data-element_type=\"widget\" data-widget_type=\"heading.default\">\n\t\t\t\t<div class=\"elementor-widget-container\">\n\t\t\t\t\t<h1 class=\"elementor-heading-title elementor-size-default\">BEST\u00c4TIGE DEINE EMAIL-ADRESSE<\/h1>\t\t\t\t<\/div>\n\t\t\t\t<\/div>\n\t\t\t\t<div class=\"elementor-element elementor-element-2e1d805 elementor-widget__width-initial elementor-widget elementor-widget-heading\" data-id=\"2e1d805\" data-element_type=\"widget\" data-widget_type=\"heading.default\">\n\t\t\t\t<div class=\"elementor-widget-container\">\n\t\t\t\t\t<h5 class=\"elementor-heading-title elementor-size-default\">Wir haben die E-Mail an Ihren Posteingang gesendet. Bitte best\u00e4tigen Sie Ihre E-Mail-Adresse, damit wir Ihre Identit\u00e4t best\u00e4tigen k\u00f6nnen<\/h5>\t\t\t\t<\/div>\n\t\t\t\t<\/div>\n\t\t<div class=\"elementor-element elementor-element-11a9540 e-flex e-con-boxed e-con e-child\" data-id=\"11a9540\" data-element_type=\"container\" data-settings=\"{&quot;background_background&quot;:&quot;classic&quot;}\">\n\t\t\t\t\t<div class=\"e-con-inner\">\n\t\t\t\t<div class=\"elementor-element elementor-element-c07501f elementor-align-center elementor-widget__width-initial elementor-widget elementor-widget-button\" data-id=\"c07501f\" data-element_type=\"widget\" data-widget_type=\"button.default\">\n\t\t\t\t<div class=\"elementor-widget-container\">\n\t\t\t\t\t\t\t\t\t<div class=\"elementor-button-wrapper\">\n\t\t\t\t\t<a class=\"elementor-button elementor-button-link elementor-size-md\" href=\"?reset-link-sent=true\">\n\t\t\t\t\t\t<span class=\"elementor-button-content-wrapper\">\n\t\t\t\t\t\t\t\t\t<span class=\"elementor-button-text\">E-MAIL ZUR\u00dcCKSENDEN<\/span>\n\t\t\t\t\t<\/span>\n\t\t\t\t\t<\/a>\n\t\t\t\t<\/div>\n\t\t\t\t\t\t\t\t<\/div>\n\t\t\t\t<\/div>\n\t\t\t\t\t<\/div>\n\t\t\t\t<\/div>\n\t\t\t\t<div class=\"elementor-element elementor-element-6fd7bd7 elementor-widget elementor-widget-heading\" data-id=\"6fd7bd7\" data-element_type=\"widget\" data-widget_type=\"heading.default\">\n\t\t\t\t<div class=\"elementor-widget-container\">\n\t\t\t\t\t<h2 class=\"elementor-heading-title elementor-size-default\">ICH HABE DIE E-MAIL-ADRESSE \u00dcBERPR\u00dcFT<\/h2>\t\t\t\t<\/div>\n\t\t\t\t<\/div>\n\t\t\t\t<div class=\"elementor-element elementor-element-e812448 elementor-widget elementor-widget-heading\" data-id=\"e812448\" data-element_type=\"widget\" data-widget_type=\"heading.default\">\n\t\t\t\t<div class=\"elementor-widget-container\">\n\t\t\t\t\t<h2 class=\"elementor-heading-title elementor-size-default\">K\u00d6NNEN SIE NICHT AUF IHRE E-MAILS ZUGREIFEN?<\/h2>\t\t\t\t<\/div>\n\t\t\t\t<\/div>\n\t\t\t\t\t<\/div>\n\t\t\t\t<\/div>\n\t\t<div class=\"elementor-element elementor-element-3a18906 e-flex e-con-boxed e-con e-parent\" data-id=\"3a18906\" data-element_type=\"container\">\n\t\t\t\t\t<div class=\"e-con-inner\">\n\t\t\t\t\t<\/div>\n\t\t\t\t<\/div>\n\t\t\t\t<\/div>","protected":false},"excerpt":{"rendered":"<p>BEST\u00c4TIGEN SIE IHRE E-MAIL-ADRESSE Wir haben die E-Mail an Ihren Posteingang gesendet. Bitte best\u00e4tigen Sie Ihre E-Mail-Adresse, damit wir Ihre Identit\u00e4t best\u00e4tigen k\u00f6nnen. E-MAIL ERNEUT SENDEN ICH HABE DIE E-MAIL-ADRESSE BEST\u00c4TIGT. SIE K\u00d6NNEN NICHT AUF IHRE E-MAIL ZUGREIFEN?<\/p>","protected":false},"author":1,"featured_media":0,"parent":0,"menu_order":0,"comment_status":"closed","ping_status":"closed","template":"elementor_header_footer","meta":{"footnotes":""},"class_list":["post-3774","page","type-page","status-publish","hentry"],"yoast_head":"<!-- This site is optimized with the Yoast SEO Premium plugin v22.8 (Yoast SEO v26.7) - https:\/\/yoast.com\/wordpress\/plugins\/seo\/ -->\n<title>Send Mail - 1edo community<\/title>\n<meta name=\"description\" content=\"1edo community, VERIFY YOUR EMAIL ADDRESS We have sent the email to your inbox. Please verify your email address so that we can confirm your identity\" \/>\n<meta name=\"robots\" content=\"index, follow, max-snippet:-1, max-image-preview:large, max-video-preview:-1\" \/>\n<link rel=\"canonical\" href=\"https:\/\/communitycdn2.1edo.com\/de\/send-mail\/\" \/>\n<meta property=\"og:locale\" content=\"de_DE\" \/>\n<meta property=\"og:type\" content=\"article\" \/>\n<meta property=\"og:title\" content=\"Send Mail\" \/>\n<meta property=\"og:description\" content=\"1edo community, VERIFY YOUR EMAIL ADDRESS We have sent the email to your inbox. Please verify your email address so that we can confirm your identity\" \/>\n<meta property=\"og:url\" content=\"https:\/\/communitycdn2.1edo.com\/de\/send-mail\/\" \/>\n<meta property=\"og:site_name\" content=\"1edo community\" \/>\n<meta property=\"article:modified_time\" content=\"2026-01-12T02:51:06+00:00\" \/>\n<meta name=\"twitter:card\" content=\"summary_large_image\" \/>\n<meta name=\"twitter:label1\" content=\"Gesch\u00e4tzte Lesezeit\" \/>\n\t<meta name=\"twitter:data1\" content=\"1\u00a0Minute\" \/>\n<script type=\"application\/ld+json\" class=\"yoast-schema-graph\">{\"@context\":\"https:\/\/schema.org\",\"@graph\":[{\"@type\":\"WebPage\",\"@id\":\"https:\/\/communitycdn2.1edo.com\/ar\/send-mail\/\",\"url\":\"https:\/\/communitycdn2.1edo.com\/ar\/send-mail\/\",\"name\":\"Send Mail - 1edo community\",\"isPartOf\":{\"@id\":\"https:\/\/communitycdn2.1edo.com\/#website\"},\"datePublished\":\"2023-11-06T02:16:35+00:00\",\"dateModified\":\"2026-01-12T02:51:06+00:00\",\"description\":\"1edo community, VERIFY YOUR EMAIL ADDRESS We have sent the email to your inbox. Please verify your email address so that we can confirm your identity\",\"breadcrumb\":{\"@id\":\"https:\/\/communitycdn2.1edo.com\/ar\/send-mail\/#breadcrumb\"},\"inLanguage\":\"de\",\"potentialAction\":[{\"@type\":\"ReadAction\",\"target\":[\"https:\/\/communitycdn2.1edo.com\/ar\/send-mail\/\"]}]},{\"@type\":\"BreadcrumbList\",\"@id\":\"https:\/\/communitycdn2.1edo.com\/ar\/send-mail\/#breadcrumb\",\"itemListElement\":[{\"@type\":\"ListItem\",\"position\":1,\"name\":\"Home\",\"item\":\"https:\/\/communitycdn2.1edo.com\/\"},{\"@type\":\"ListItem\",\"position\":2,\"name\":\"Send Mail\"}]},{\"@type\":\"WebSite\",\"@id\":\"https:\/\/communitycdn2.1edo.com\/#website\",\"url\":\"https:\/\/communitycdn2.1edo.com\/\",\"name\":\"1edo community\",\"description\":\"1edo community\",\"potentialAction\":[{\"@type\":\"SearchAction\",\"target\":{\"@type\":\"EntryPoint\",\"urlTemplate\":\"https:\/\/communitycdn2.1edo.com\/?s={search_term_string}\"},\"query-input\":{\"@type\":\"PropertyValueSpecification\",\"valueRequired\":true,\"valueName\":\"search_term_string\"}}],\"inLanguage\":\"de\"}]}<\/script>\n<!-- \/ Yoast SEO Premium plugin. -->","yoast_head_json":{"title":"E-Mail senden - 1edo-Community","description":"1edo-Community, \u00dcBERPR\u00dcFEN SIE IHRE E-MAIL-ADRESSE Wir haben die E-Mail an Ihren Posteingang gesendet. Bitte \u00fcberpr\u00fcfen Sie Ihre E-Mail-Adresse, damit wir Ihre Identit\u00e4t best\u00e4tigen k\u00f6nnen","robots":{"index":"index","follow":"follow","max-snippet":"max-snippet:-1","max-image-preview":"max-image-preview:large","max-video-preview":"max-video-preview:-1"},"canonical":"https:\/\/communitycdn2.1edo.com\/de\/send-mail\/","og_locale":"de_DE","og_type":"article","og_title":"Send Mail","og_description":"1edo community, VERIFY YOUR EMAIL ADDRESS We have sent the email to your inbox. Please verify your email address so that we can confirm your identity","og_url":"https:\/\/communitycdn2.1edo.com\/de\/send-mail\/","og_site_name":"1edo community","article_modified_time":"2026-01-12T02:51:06+00:00","twitter_card":"summary_large_image","twitter_misc":{"Gesch\u00e4tzte Lesezeit":"1\u00a0Minute"},"schema":{"@context":"https:\/\/schema.org","@graph":[{"@type":"WebPage","@id":"https:\/\/communitycdn2.1edo.com\/ar\/send-mail\/","url":"https:\/\/communitycdn2.1edo.com\/ar\/send-mail\/","name":"E-Mail senden - 1edo-Community","isPartOf":{"@id":"https:\/\/communitycdn2.1edo.com\/#website"},"datePublished":"2023-11-06T02:16:35+00:00","dateModified":"2026-01-12T02:51:06+00:00","description":"1edo-Community, \u00dcBERPR\u00dcFEN SIE IHRE E-MAIL-ADRESSE Wir haben die E-Mail an Ihren Posteingang gesendet. Bitte \u00fcberpr\u00fcfen Sie Ihre E-Mail-Adresse, damit wir Ihre Identit\u00e4t best\u00e4tigen k\u00f6nnen","breadcrumb":{"@id":"https:\/\/communitycdn2.1edo.com\/ar\/send-mail\/#breadcrumb"},"inLanguage":"de","potentialAction":[{"@type":"ReadAction","target":["https:\/\/communitycdn2.1edo.com\/ar\/send-mail\/"]}]},{"@type":"BreadcrumbList","@id":"https:\/\/communitycdn2.1edo.com\/ar\/send-mail\/#breadcrumb","itemListElement":[{"@type":"ListItem","position":1,"name":"Home","item":"https:\/\/communitycdn2.1edo.com\/"},{"@type":"ListItem","position":2,"name":"Send Mail"}]},{"@type":"WebSite","@id":"https:\/\/communitycdn2.1edo.com\/#website","url":"https:\/\/communitycdn2.1edo.com\/","name":"1edo-Gemeinschaft","description":"1edo-Gemeinschaft","potentialAction":[{"@type":"SearchAction","target":{"@type":"EntryPoint","urlTemplate":"https:\/\/communitycdn2.1edo.com\/?s={search_term_string}"},"query-input":{"@type":"PropertyValueSpecification","valueRequired":true,"valueName":"search_term_string"}}],"inLanguage":"de"}]}},"_links":{"self":[{"href":"https:\/\/communitycdn2.1edo.com\/de\/wp-json\/wp\/v2\/pages\/3774","targetHints":{"allow":["GET"]}}],"collection":[{"href":"https:\/\/communitycdn2.1edo.com\/de\/wp-json\/wp\/v2\/pages"}],"about":[{"href":"https:\/\/communitycdn2.1edo.com\/de\/wp-json\/wp\/v2\/types\/page"}],"author":[{"embeddable":true,"href":"https:\/\/communitycdn2.1edo.com\/de\/wp-json\/wp\/v2\/users\/1"}],"replies":[{"embeddable":true,"href":"https:\/\/communitycdn2.1edo.com\/de\/wp-json\/wp\/v2\/comments?post=3774"}],"version-history":[{"count":0,"href":"https:\/\/communitycdn2.1edo.com\/de\/wp-json\/wp\/v2\/pages\/3774\/revisions"}],"wp:attachment":[{"href":"https:\/\/communitycdn2.1edo.com\/de\/wp-json\/wp\/v2\/media?parent=3774"}],"curies":[{"name":"wp","href":"https:\/\/api.w.org\/{rel}","templated":true}]}}