{"id":2926,"date":"2023-11-01T01:39:49","date_gmt":"2023-11-01T01:39:49","guid":{"rendered":"https:\/\/community.1edo.com\/register\/"},"modified":"2026-01-14T15:35:45","modified_gmt":"2026-01-14T07:35:45","slug":"register","status":"publish","type":"page","link":"https:\/\/communitycdn2.1edo.com\/pl\/register\/","title":{"rendered":"Rejestr"},"content":{"rendered":"<div data-elementor-type=\"wp-page\" data-elementor-id=\"2926\" class=\"elementor elementor-2926\" data-elementor-post-type=\"page\">\n\t\t\t\t<div class=\"elementor-element elementor-element-9088323 e-flex e-con-boxed e-con e-parent\" data-id=\"9088323\" data-element_type=\"container\">\n\t\t\t\t\t<div class=\"e-con-inner\">\n\t\t<div class=\"elementor-element elementor-element-45dfdc0 e-con-full e-flex e-con e-child\" data-id=\"45dfdc0\" data-element_type=\"container\" data-settings=\"{&quot;background_background&quot;:&quot;classic&quot;}\">\n\t\t\t\t<\/div>\n\t\t\t\t<div class=\"elementor-element elementor-element-763ea91 elementor-widget elementor-widget-heading\" data-id=\"763ea91\" data-element_type=\"widget\" data-widget_type=\"heading.default\">\n\t\t\t\t<div class=\"elementor-widget-container\">\n\t\t\t\t\t<h1 class=\"elementor-heading-title elementor-size-default\">UTW\u00d3RZ KONTO<\/h1>\t\t\t\t<\/div>\n\t\t\t\t<\/div>\n\t\t\t\t<div class=\"elementor-element elementor-element-f2f8885 elementor-widget elementor-widget-heading\" data-id=\"f2f8885\" data-element_type=\"widget\" data-widget_type=\"heading.default\">\n\t\t\t\t<div class=\"elementor-widget-container\">\n\t\t\t\t\t<h6 class=\"elementor-heading-title elementor-size-default\">Wype\u0142nij wszystkie pola, aby utworzy\u0107 sw\u00f3j identyfikator 1edo.<\/h6>\t\t\t\t<\/div>\n\t\t\t\t<\/div>\n\t\t\t\t\t<\/div>\n\t\t\t\t<\/div>\n\t\t<div class=\"elementor-element elementor-element-2db14988 e-flex e-con-boxed e-con e-parent\" data-id=\"2db14988\" data-element_type=\"container\">\n\t\t\t\t\t<div class=\"e-con-inner\">\n\t\t\t\t<div class=\"elementor-element elementor-element-df16b68 elementor-widget elementor-widget-text-editor\" data-id=\"df16b68\" data-element_type=\"widget\" data-widget_type=\"text-editor.default\">\n\t\t\t\t<div class=\"elementor-widget-container\">\n\t\t\t\t\t<p class=\"alert wppb-error\" id=\"wppb_form_general_message\">Rola utworzonego u\u017cytkownika jest ustawiona na rol\u0119 domy\u015bln\u0105. Tylko administrator mo\u017ce zarejestrowa\u0107 u\u017cytkownika z rol\u0105 przypisan\u0105 do tego formularza.<\/p>\t\t\t\t<p>        <form enctype=\"multipart\/form-data\" method=\"post\" id=\"wppb-register-user\" class=\"wppb-user-forms wppb-register-user wppb-user-logged-out\" action=\"https:\/\/communitycdn2.1edo.com\/pl\/wp-json\/wp\/v2\/pages\/2926\" data-trp-original-action=\"https:\/\/communitycdn2.1edo.com\/pl\/wp-json\/wp\/v2\/pages\/2926\">\n\t\t\t<ul><li class=\"wppb-form-field wppb-default-name-heading\" id=\"wppb-form-element-1\"><h4>Nazwa<\/h4><span class=\"wppb-description-delimiter\"><\/span><\/li><li class=\"wppb-form-field wppb-default-username\" id=\"wppb-form-element-2\">\n\t\t\t<label for=\"username\">Nazwa u\u017cytkownika<span class=\"wppb-required\" title=\"To pole jest wymagane\">*<\/span><\/label>\n\t\t\t<input class=\"text-input default_field_username\" name=\"username\" maxlength=\"70\" type=\"text\" id=\"username\" value=\"username\"  \/><span class=\"wppb-description-delimiter\"> \u7528\u6237\u540d\u4e0d\u53ef\u66f4\u6539\u3002<\/span><\/li><li class=\"wppb-form-field wppb-default-first-name\" id=\"wppb-form-element-3\">\n\t\t\t<label for=\"first_name\">Imi\u0119<span class=\"wppb-required\" title=\"To pole jest wymagane\">*<\/span><\/label>\n\t\t\t<input class=\"text-input default_field_firstname\" name=\"first_name\" maxlength=\"70\" type=\"text\" id=\"first_name\" value=\"\"  \/><\/li><li class=\"wppb-form-field wppb-default-last-name\" id=\"wppb-form-element-4\">\n\t\t\t<label for=\"last_name\">Nazwisko<span class=\"wppb-required\" title=\"To pole jest wymagane\">*<\/span><\/label>\n\t\t\t<input class=\"text-input default_field_lastname\" name=\"last_name\" maxlength=\"70\" type=\"text\" id=\"last_name\" value=\"\" \/><\/li><li class=\"wppb-form-field wppb-default-nickname\" id=\"wppb-form-element-5\">\n\t\t\t<label for=\"nickname\">Przezwisko<\/label>\n\t\t\t<input class=\"text-input default_field_nickname\" name=\"nickname\" maxlength=\"70\" type=\"text\" id=\"nickname\" value=\"\" \/><\/li><li class=\"wppb-form-field wppb-default-display-name-publicly-as\" id=\"wppb-form-element-6\"><\/li><li class=\"wppb-form-field wppb-select-country\" id=\"wppb-form-element-18\">\n\t\t\t\t<label for=\"custom_field_2\">Kraj<span class=\"wppb-required\" title=\"To pole jest wymagane\">*<\/span><\/label>\n\t\t\t\t<select name=\"custom_field_2\" id=\"custom_field_2\" class=\"custom_field_country_select\" ><option value=\"\">Wybierz kraj<\/option><option value=\"AF\">Afganistan<\/option><option value=\"AX\">Wyspy Alandzkie<\/option><option value=\"AL\">Albania<\/option><option value=\"DZ\">Algieria<\/option><option value=\"AS\">Samoa Ameryka\u0144skie<\/option><option value=\"AD\">Andora<\/option><option value=\"AO\">Angola<\/option><option value=\"AI\">Anguilla<\/option><option value=\"AQ\">Antarktyda<\/option><option value=\"AG\">Antigua i Barbuda<\/option><option value=\"AR\">Argentyna<\/option><option value=\"AM\">Armenia<\/option><option value=\"AW\">Aruba<\/option><option value=\"AU\">Australia<\/option><option value=\"AT\">Austria<\/option><option value=\"AZ\">Azerbejd\u017can<\/option><option value=\"BS\">Bahamy<\/option><option value=\"BH\">Bahrajn<\/option><option value=\"BD\">Bangladesz<\/option><option value=\"BB\">Barbados<\/option><option value=\"BY\">Bia\u0142oru\u015b<\/option><option value=\"BE\">Belgia<\/option><option value=\"BZ\">Belize<\/option><option value=\"BJ\">Benin<\/option><option value=\"BM\">Bermudy<\/option><option value=\"BT\">Bhutan<\/option><option value=\"BO\">Boliwia<\/option><option value=\"BQ\">Bonaire, Saint Eustatius i Saba<\/option><option value=\"BA\">Bo\u015bnia i Hercegowina<\/option><option value=\"BW\">Botswana<\/option><option value=\"BV\">Wyspa Bouveta<\/option><option value=\"BR\">Brazylia<\/option><option value=\"IO\">Brytyjskie Terytorium Oceanu Indyjskiego<\/option><option value=\"VG\">Brytyjskie Wyspy Dziewicze<\/option><option value=\"BN\">Brunei<\/option><option value=\"BG\">Bu\u0142garia<\/option><option value=\"BF\">Burkina Faso<\/option><option value=\"BI\">Burundi<\/option><option value=\"KH\">Kambod\u017ca<\/option><option value=\"CM\">Kamerun<\/option><option value=\"CA\">Kanada<\/option><option value=\"CV\">Republika Zielonego Przyl\u0105dka<\/option><option value=\"KY\">Wyspy Kajmany<\/option><option value=\"CF\">Republika \u015arodkowoafryka\u0144ska<\/option><option value=\"TD\">Czad<\/option><option value=\"CL\">Chile<\/option><option value=\"CN\">Chiny<\/option><option value=\"CX\">Wyspa Bo\u017cego Narodzenia<\/option><option value=\"CC\">Wyspy Kokosowe<\/option><option value=\"CO\">Kolumbia<\/option><option value=\"KM\">Komory<\/option><option value=\"CK\">Wyspy Cooka<\/option><option value=\"CR\">Kostaryka<\/option><option value=\"HR\">Chorwacja<\/option><option value=\"CU\">Kuba<\/option><option value=\"CW\">Curacao<\/option><option value=\"CY\">Cypr<\/option><option value=\"CZ\">Czechy<\/option><option value=\"CD\">Demokratyczna Republika Kongo<\/option><option value=\"DK\">Dania<\/option><option value=\"DJ\">D\u017cibuti<\/option><option value=\"DM\">Dominika<\/option><option value=\"DO\">Republika Dominika\u0144ska<\/option><option value=\"TL\">Timor Wschodni<\/option><option value=\"EC\">Ekwador<\/option><option value=\"EG\">Egipt<\/option><option value=\"SV\">Salwador<\/option><option value=\"GQ\">Gwinea R\u00f3wnikowa<\/option><option value=\"ER\">Erytrea<\/option><option value=\"EE\">Estonia<\/option><option value=\"ET\">Etiopia<\/option><option value=\"FK\">Falklandy<\/option><option value=\"FO\">Wyspy Owcze<\/option><option value=\"FJ\">Fid\u017ci<\/option><option value=\"FI\">Finlandia<\/option><option value=\"FR\">Francja<\/option><option value=\"GF\">Gujana Francuska<\/option><option value=\"PF\">Polinezja Francuska<\/option><option value=\"TF\">Francuskie Terytoria Po\u0142udniowe<\/option><option value=\"GA\">Gabon<\/option><option value=\"GM\">Gambia<\/option><option value=\"GE\">Gruzja<\/option><option value=\"DE\">Niemcy<\/option><option value=\"GH\">Ghana<\/option><option value=\"GI\">Gibraltar<\/option><option value=\"GR\">Grecja<\/option><option value=\"GL\">Grenlandia<\/option><option value=\"GD\">Grenada<\/option><option value=\"GP\">Gwadelupa<\/option><option value=\"GU\">Guam<\/option><option value=\"GT\">Gwatemala<\/option><option value=\"GG\">Guernsey<\/option><option value=\"GN\">Gwinea<\/option><option value=\"GW\">Gwinea Bissau<\/option><option value=\"GY\">Gujana<\/option><option value=\"HT\">Haiti<\/option><option value=\"HM\">Wyspy Heard i McDonalda<\/option><option value=\"HN\">Honduras<\/option><option value=\"HK\">Hongkong<\/option><option value=\"HU\">W\u0119gry<\/option><option value=\"IS\">Islandia<\/option><option value=\"IN\">Indie<\/option><option value=\"ID\">Indonezja<\/option><option value=\"IR\">Iran<\/option><option value=\"IQ\">Irak<\/option><option value=\"IE\">Irlandia<\/option><option value=\"IM\">Wyspa Man<\/option><option value=\"IL\">Izrael<\/option><option value=\"IT\">W\u0142ochy<\/option><option value=\"CI\">Wybrze\u017ce Ko\u015bci S\u0142oniowej<\/option><option value=\"JM\">Jamajka<\/option><option value=\"JP\">Japonia<\/option><option value=\"JE\">Golf<\/option><option value=\"JO\">Jordania<\/option><option value=\"KZ\">Kazachstan<\/option><option value=\"KE\">Kenia<\/option><option value=\"KI\">Kiribati<\/option><option value=\"XK\">Kosowo<\/option><option value=\"KW\">Kuwejt<\/option><option value=\"KG\">Kirgistan<\/option><option value=\"LA\">Laos<\/option><option value=\"LV\">\u0141otwa<\/option><option value=\"LB\">Liban<\/option><option value=\"LS\">Lesotho<\/option><option value=\"LR\">Liberia<\/option><option value=\"LY\">Libia<\/option><option value=\"LI\">Liechtenstein<\/option><option value=\"LT\">Litwa<\/option><option value=\"LU\">Luksemburg<\/option><option value=\"MO\">Makao<\/option><option value=\"MK\">Macedonia<\/option><option value=\"MG\">Madagaskar<\/option><option value=\"MW\">Malawi<\/option><option value=\"MY\">Malezja<\/option><option value=\"MV\">Malediwy<\/option><option value=\"ML\">Mali<\/option><option value=\"MT\">Malta<\/option><option value=\"MH\">Wyspy Marshalla<\/option><option value=\"MQ\">Martynika<\/option><option value=\"MR\">Mauretania<\/option><option value=\"MU\">Mauritius<\/option><option value=\"YT\">Majotta<\/option><option value=\"MX\">Meksyk<\/option><option value=\"FM\">Mikronezja<\/option><option value=\"MD\">Moldova<\/option><option value=\"MC\">Monako<\/option><option value=\"MN\">Mongolia<\/option><option value=\"ME\">Czarnog\u00f3ra<\/option><option value=\"MS\">Montserrat<\/option><option value=\"MA\">Maroko<\/option><option value=\"MZ\">Mozambik<\/option><option value=\"MM\">Myanmar<\/option><option value=\"NA\">Namibia<\/option><option value=\"NR\">Nauru<\/option><option value=\"NP\">Nepal<\/option><option value=\"NL\">Niderlandy<\/option><option value=\"NC\">Nowa Kaledonia<\/option><option value=\"NZ\">Nowa Zelandia<\/option><option value=\"NI\">Nikaragua<\/option><option value=\"NE\">Niger<\/option><option value=\"NG\">Nigeria<\/option><option value=\"NU\">Niue<\/option><option value=\"NF\">Wyspa Norfolk<\/option><option value=\"KP\">Korea P\u00f3\u0142nocna<\/option><option value=\"MP\">Mariany P\u00f3\u0142nocne<\/option><option value=\"NO\">Norwegia<\/option><option value=\"OM\">Oman<\/option><option value=\"PK\">Pakistan<\/option><option value=\"PW\">Palau<\/option><option value=\"PS\">Terytorium Palesty\u0144skie<\/option><option value=\"PA\">Panama<\/option><option value=\"PG\">Papua-Nowa Gwinea<\/option><option value=\"PY\">Paragwaj<\/option><option value=\"PE\">Peru<\/option><option value=\"PH\">Filipiny<\/option><option value=\"PN\">Pitcairn<\/option><option value=\"PL\">Polska<\/option><option value=\"PT\">Portugalia<\/option><option value=\"PR\">Portoryko<\/option><option value=\"QA\">Katar<\/option><option value=\"CG\">Republika Konga<\/option><option value=\"RE\">Zjazd<\/option><option value=\"RO\">Rumunia<\/option><option value=\"RU\">Rosja<\/option><option value=\"RW\">Rwanda<\/option><option value=\"BL\">\u015awi\u0119ty Bart\u0142omiej<\/option><option value=\"SH\">\u015awi\u0119ta Helena<\/option><option value=\"KN\">Saint Kitts i Nevis<\/option><option value=\"LC\">\u015awi\u0119ta \u0141ucja<\/option><option value=\"MF\">\u015awi\u0119ty Marcin<\/option><option value=\"PM\">Saint-Pierre i Miquelon<\/option><option value=\"VC\">Saint Vincent i Grenadyny<\/option><option value=\"WS\">Samoa<\/option><option value=\"SM\">San Marino<\/option><option value=\"ST\">Wyspy \u015awi\u0119tego Tomasza i Ksi\u0105\u017c\u0119ca<\/option><option value=\"SA\">Arabia Saudyjska<\/option><option value=\"SN\">Senegal<\/option><option value=\"RS\">Serbia<\/option><option value=\"SC\">Seszele<\/option><option value=\"SL\">Sierra Leone<\/option><option value=\"SG\">Singapur<\/option><option value=\"SX\">Sint Maarten<\/option><option value=\"SK\">S\u0142owacja<\/option><option value=\"SI\">S\u0142owenia<\/option><option value=\"SB\">Wyspy Salomona<\/option><option value=\"SO\">Somali<\/option><option value=\"ZA\">Republika Po\u0142udniowej Afryki<\/option><option value=\"GS\">Georgia Po\u0142udniowa i Wyspy Sandwich Po\u0142udniowy<\/option><option value=\"KR\">Korea Po\u0142udniowa<\/option><option value=\"SS\">Sudan Po\u0142udniowy<\/option><option value=\"ES\">Hiszpania<\/option><option value=\"LK\">Sri Lanka<\/option><option value=\"SD\">Sudan<\/option><option value=\"SR\">Surinam<\/option><option value=\"SJ\">Svalbard i Jan Mayen<\/option><option value=\"SZ\">Suazi<\/option><option value=\"SE\">Szwecja<\/option><option value=\"CH\">Szwajcaria<\/option><option value=\"SY\">Syria<\/option><option value=\"TW\">Tajwan<\/option><option value=\"TJ\">Tad\u017cykistan<\/option><option value=\"TZ\">Tanzania<\/option><option value=\"TH\">Tajlandia<\/option><option value=\"TG\">Togo<\/option><option value=\"TK\">Tokelau<\/option><option value=\"TO\">Tonga<\/option><option value=\"TT\">Trynidad i Tobago<\/option><option value=\"TN\">Tunezja<\/option><option value=\"TR\">Indyk<\/option><option value=\"TM\">Turkmenia<\/option><option value=\"TC\">Wyspy Turks i Caicos<\/option><option value=\"TV\">Tuvalu<\/option><option value=\"VI\">Wyspy Dziewicze Stan\u00f3w Zjednoczonych<\/option><option value=\"UG\">Uganda<\/option><option value=\"UA\">Ukraina<\/option><option value=\"AE\">Emiraty Arabskie<\/option><option value=\"GB\">Zjednoczone Kr\u00f3lestwo<\/option><option value=\"US\">Stany Zjednoczone<\/option><option value=\"UM\">Dalekie Wyspy Mniejsze Stan\u00f3w Zjednoczonych<\/option><option value=\"UY\">Urugwaj<\/option><option value=\"UZ\">Uzbekistan<\/option><option value=\"VU\">Vanuatu<\/option><option value=\"VA\">Watykan<\/option><option value=\"VE\">Wenezuela<\/option><option value=\"VN\">Wietnam<\/option><option value=\"WF\">Wallis i Futuna<\/option><option value=\"EH\">Sahara Zachodnia<\/option><option value=\"YE\">Jemen<\/option><option value=\"ZM\">Zambia<\/option><option value=\"ZW\">Zimbabwe<\/option>\n\t\t\t\t<\/select><\/li><li class=\"wppb-form-field wppb-phone\" id=\"wppb-form-element-7\">\n\t\t\t\t<label for=\"phone\">Telefon<span class=\"wppb-required\" title=\"To pole jest wymagane\">*<\/span><\/label>\n\t\t\t\t<input data-phone-format=\"{&quot;phone_data&quot;:0}\" class=\"extra_field_phone\" name=\"phone\" maxlength=\"70\" type=\"text\" id=\"phone\" value=\"\" \/><\/li><li class=\"wppb-form-field wppb-default-e-mail\" id=\"wppb-form-element-8\">\n\t\t\t<label for=\"email\">E-mail<span class=\"wppb-required\" title=\"To pole jest wymagane\">*<\/span><\/label>\n\t\t\t<input class=\"text-input default_field_email\" name=\"email\" maxlength=\"70\" type=\"email\" id=\"email\" value=\"\"   \/><\/li><li class=\"wppb-form-field wppb-default-password\" id=\"wppb-form-element-15\">\n\t\t\t<label for=\"passw1\">Has\u0142o<span class=\"wppb-required\" title=\"To pole jest wymagane\">*<\/span><\/label>\n            <span class=\"wppb-password-field-container\">\n\t\t\t    <input class=\"text-input\" name=\"passw1\" maxlength=\"70\" type=\"password\" id=\"passw1\" value=\"\" autocomplete=\"off\" \/>\n\t\t\t     <!-- add the HTML for the visibility toggle -->\n\t\t\t<\/span><span class=\"wppb-description-delimiter\">\u91cd\u590d\u65b0\u5bc6\u7801  <\/span><\/li><li class=\"wppb-form-field wppb-default-repeat-password\" id=\"wppb-form-element-16\">\n\t\t\t<label for=\"passw2\">Powt\u00f3rz has\u0142o<\/label>\n\t\t\t<span class=\"wppb-password-field-container\">\n\t\t\t    <input class=\"text-input\" name=\"passw2\" maxlength=\"70\" type=\"password\" id=\"passw2\" value=\"\" autocomplete=\"off\" \/>\n\t\t\t     <!-- add the HTML for the visibility toggle -->\n\t\t\t<\/span><span class=\"wppb-description-delimiter\">\u518d\u8f93\u5165\u4e00\u904d\u65b0\u5bc6\u7801\u3002<\/span><\/li><\/ul><ul><li class=\"wppb-form-field wppb-send-credentials-checkbox\"><label for=\"send_credentials_via_email\"><input id=\"send_credentials_via_email\" type=\"checkbox\" name=\"send_credentials_via_email\" value=\"sending\"\/>Wy\u015blij te dane uwierzytelniaj\u0105ce e-mailem.<\/label><\/li><\/ul>\t\t\t<p class=\"form-submit\"  >\n\t\t\t\t                \t\t\t\t<input name=\"register\" type=\"submit\" id=\"register\" class=\"submit button\" value=\"Rejestr\" \/>\n                <input name=\"redirect_to\" type=\"hidden\" value=\"\" \/>\n                \t\t\t\t<input name=\"action\" type=\"hidden\" id=\"action\" value=\"register\" \/>\n\t\t\t\t<input name=\"form_name\" type=\"hidden\" id=\"form_name\" value=\"unspecified\" \/>\n\t\t\t\t<input name=\"form_id\" type=\"hidden\" id=\"form_id\" value=\"\" \/>\n\t\t\t\t\t\t\t<\/p><!-- .form-submit -->\n\t\t\t<input type=\"hidden\" id=\"register_unspecified_nonce_field\" name=\"register_unspecified_nonce_field\" value=\"7e3abdfa25\" \/><input type=\"hidden\" name=\"_wp_http_referer\" value=\"\/pl\/wp-json\/wp\/v2\/pages\/2926\" \/>\t\t<input type=\"hidden\" name=\"trp-form-language\" value=\"pl\"\/><\/form>\n\t\t<\/p>\t\t\t\t\t\t\t\t<\/div>\n\t\t\t\t<\/div>\n\t\t\t\t<div class=\"elementor-element elementor-element-9427073 elementor-widget__width-initial elementor-widget elementor-widget-shortcode\" data-id=\"9427073\" data-element_type=\"widget\" data-widget_type=\"shortcode.default\">\n\t\t\t\t<div class=\"elementor-widget-container\">\n\t\t\t\t\t\t\t<div class=\"elementor-shortcode\">[xyz-ips snippet=&quot;tre\u015b\u0107-facebooka&quot;]<\/div>\n\t\t\t\t\t\t<\/div>\n\t\t\t\t<\/div>\n\t\t\t\t<div class=\"elementor-element elementor-element-194ea39 elementor-widget elementor-widget-heading\" data-id=\"194ea39\" data-element_type=\"widget\" data-widget_type=\"heading.default\">\n\t\t\t\t<div class=\"elementor-widget-container\">\n\t\t\t\t\t<h5 class=\"elementor-heading-title elementor-size-default\">MIE\u0106 KONTO? ZALOGUJ SIE<\/h5>\t\t\t\t<\/div>\n\t\t\t\t<\/div>\n\t\t\t\t\t<\/div>\n\t\t\t\t<\/div>\n\t\t\t\t<\/div>","protected":false},"excerpt":{"rendered":"","protected":false},"author":1,"featured_media":0,"parent":0,"menu_order":0,"comment_status":"closed","ping_status":"closed","template":"","meta":{"footnotes":""},"class_list":["post-2926","page","type-page","status-publish","hentry"],"yoast_head":"<!-- This site is optimized with the Yoast SEO Premium plugin v22.8 (Yoast SEO v26.7) - https:\/\/yoast.com\/wordpress\/plugins\/seo\/ -->\n<title>Register - 1edo community<\/title>\n<meta name=\"description\" content=\"1edo community, Create an account and fill in the username, password, email and other fields to create your 1edo ID\" \/>\n<meta name=\"robots\" content=\"index, follow, max-snippet:-1, max-image-preview:large, max-video-preview:-1\" \/>\n<link rel=\"canonical\" href=\"https:\/\/communitycdn2.1edo.com\/pl\/register\/\" \/>\n<meta property=\"og:locale\" content=\"pl_PL\" \/>\n<meta property=\"og:type\" content=\"article\" \/>\n<meta property=\"og:title\" content=\"Register\" \/>\n<meta property=\"og:description\" content=\"1edo community, Create an account and fill in the username, password, email and other fields to create your 1edo ID\" \/>\n<meta property=\"og:url\" content=\"https:\/\/communitycdn2.1edo.com\/pl\/register\/\" \/>\n<meta property=\"og:site_name\" content=\"1edo community\" \/>\n<meta property=\"article:modified_time\" content=\"2026-01-14T07:35:45+00:00\" \/>\n<meta name=\"twitter:card\" content=\"summary_large_image\" \/>\n<meta name=\"twitter:label1\" content=\"Szacowany czas czytania\" \/>\n\t<meta name=\"twitter:data1\" content=\"1 minuta\" \/>\n<script type=\"application\/ld+json\" class=\"yoast-schema-graph\">{\"@context\":\"https:\/\/schema.org\",\"@graph\":[{\"@type\":\"WebPage\",\"@id\":\"https:\/\/communitycdn2.1edo.com\/ar\/register\/\",\"url\":\"https:\/\/communitycdn2.1edo.com\/ar\/register\/\",\"name\":\"Register - 1edo community\",\"isPartOf\":{\"@id\":\"https:\/\/communitycdn2.1edo.com\/#website\"},\"datePublished\":\"2023-11-01T01:39:49+00:00\",\"dateModified\":\"2026-01-14T07:35:45+00:00\",\"description\":\"1edo community, Create an account and fill in the username, password, email and other fields to create your 1edo ID\",\"breadcrumb\":{\"@id\":\"https:\/\/communitycdn2.1edo.com\/ar\/register\/#breadcrumb\"},\"inLanguage\":\"pl-PL\",\"potentialAction\":[{\"@type\":\"ReadAction\",\"target\":[\"https:\/\/communitycdn2.1edo.com\/ar\/register\/\"]}]},{\"@type\":\"BreadcrumbList\",\"@id\":\"https:\/\/communitycdn2.1edo.com\/ar\/register\/#breadcrumb\",\"itemListElement\":[{\"@type\":\"ListItem\",\"position\":1,\"name\":\"Home\",\"item\":\"https:\/\/communitycdn2.1edo.com\/\"},{\"@type\":\"ListItem\",\"position\":2,\"name\":\"Register\"}]},{\"@type\":\"WebSite\",\"@id\":\"https:\/\/communitycdn2.1edo.com\/#website\",\"url\":\"https:\/\/communitycdn2.1edo.com\/\",\"name\":\"1edo community\",\"description\":\"1edo community\",\"potentialAction\":[{\"@type\":\"SearchAction\",\"target\":{\"@type\":\"EntryPoint\",\"urlTemplate\":\"https:\/\/communitycdn2.1edo.com\/?s={search_term_string}\"},\"query-input\":{\"@type\":\"PropertyValueSpecification\",\"valueRequired\":true,\"valueName\":\"search_term_string\"}}],\"inLanguage\":\"pl-PL\"}]}<\/script>\n<!-- \/ Yoast SEO Premium plugin. -->","yoast_head_json":{"title":"Zarejestruj si\u0119 - spo\u0142eczno\u015b\u0107 1edo","description":"Spo\u0142eczno\u015b\u0107 1edo, utw\u00f3rz konto i wpisz nazw\u0119 u\u017cytkownika, has\u0142o, adres e-mail i inne pola, aby utworzy\u0107 sw\u00f3j identyfikator 1edo","robots":{"index":"index","follow":"follow","max-snippet":"max-snippet:-1","max-image-preview":"max-image-preview:large","max-video-preview":"max-video-preview:-1"},"canonical":"https:\/\/communitycdn2.1edo.com\/pl\/register\/","og_locale":"pl_PL","og_type":"article","og_title":"Register","og_description":"1edo community, Create an account and fill in the username, password, email and other fields to create your 1edo ID","og_url":"https:\/\/communitycdn2.1edo.com\/pl\/register\/","og_site_name":"1edo community","article_modified_time":"2026-01-14T07:35:45+00:00","twitter_card":"summary_large_image","twitter_misc":{"Szacowany czas czytania":"1 minuta"},"schema":{"@context":"https:\/\/schema.org","@graph":[{"@type":"WebPage","@id":"https:\/\/communitycdn2.1edo.com\/ar\/register\/","url":"https:\/\/communitycdn2.1edo.com\/ar\/register\/","name":"Zarejestruj si\u0119 - spo\u0142eczno\u015b\u0107 1edo","isPartOf":{"@id":"https:\/\/communitycdn2.1edo.com\/#website"},"datePublished":"2023-11-01T01:39:49+00:00","dateModified":"2026-01-14T07:35:45+00:00","description":"Spo\u0142eczno\u015b\u0107 1edo, utw\u00f3rz konto i wpisz nazw\u0119 u\u017cytkownika, has\u0142o, adres e-mail i inne pola, aby utworzy\u0107 sw\u00f3j identyfikator 1edo","breadcrumb":{"@id":"https:\/\/communitycdn2.1edo.com\/ar\/register\/#breadcrumb"},"inLanguage":"pl-PL","potentialAction":[{"@type":"ReadAction","target":["https:\/\/communitycdn2.1edo.com\/ar\/register\/"]}]},{"@type":"BreadcrumbList","@id":"https:\/\/communitycdn2.1edo.com\/ar\/register\/#breadcrumb","itemListElement":[{"@type":"ListItem","position":1,"name":"Home","item":"https:\/\/communitycdn2.1edo.com\/"},{"@type":"ListItem","position":2,"name":"Register"}]},{"@type":"WebSite","@id":"https:\/\/communitycdn2.1edo.com\/#website","url":"https:\/\/communitycdn2.1edo.com\/","name":"Spo\u0142eczno\u015b\u0107 1edo","description":"Spo\u0142eczno\u015b\u0107 1edo","potentialAction":[{"@type":"SearchAction","target":{"@type":"EntryPoint","urlTemplate":"https:\/\/communitycdn2.1edo.com\/?s={search_term_string}"},"query-input":{"@type":"PropertyValueSpecification","valueRequired":true,"valueName":"search_term_string"}}],"inLanguage":"pl-PL"}]}},"_links":{"self":[{"href":"https:\/\/communitycdn2.1edo.com\/pl\/wp-json\/wp\/v2\/pages\/2926","targetHints":{"allow":["GET"]}}],"collection":[{"href":"https:\/\/communitycdn2.1edo.com\/pl\/wp-json\/wp\/v2\/pages"}],"about":[{"href":"https:\/\/communitycdn2.1edo.com\/pl\/wp-json\/wp\/v2\/types\/page"}],"author":[{"embeddable":true,"href":"https:\/\/communitycdn2.1edo.com\/pl\/wp-json\/wp\/v2\/users\/1"}],"replies":[{"embeddable":true,"href":"https:\/\/communitycdn2.1edo.com\/pl\/wp-json\/wp\/v2\/comments?post=2926"}],"version-history":[{"count":0,"href":"https:\/\/communitycdn2.1edo.com\/pl\/wp-json\/wp\/v2\/pages\/2926\/revisions"}],"wp:attachment":[{"href":"https:\/\/communitycdn2.1edo.com\/pl\/wp-json\/wp\/v2\/media?parent=2926"}],"curies":[{"name":"wp","href":"https:\/\/api.w.org\/{rel}","templated":true}]}}