{"id":6497,"date":"2024-02-22T06:04:25","date_gmt":"2024-02-22T06:04:25","guid":{"rendered":"https:\/\/community.1edo.com\/?page_id=6497"},"modified":"2026-01-15T10:49:13","modified_gmt":"2026-01-15T02:49:13","slug":"authors-all","status":"publish","type":"page","link":"https:\/\/communitycdn2.1edo.com\/pl\/authors-all\/","title":{"rendered":"autorzy-wszyscy"},"content":{"rendered":"<div data-elementor-type=\"wp-page\" data-elementor-id=\"6497\" class=\"elementor elementor-6497\" data-elementor-post-type=\"page\">\n\t\t\t\t<div class=\"elementor-element elementor-element-75611ad e-flex e-con-boxed e-con e-parent\" data-id=\"75611ad\" data-element_type=\"container\">\n\t\t\t\t\t<div class=\"e-con-inner\">\n\t\t\t\t<div class=\"elementor-element elementor-element-02e97c4 elementor-widget elementor-widget-shortcode\" data-id=\"02e97c4\" data-element_type=\"widget\" data-widget_type=\"shortcode.default\">\n\t\t\t\t<div class=\"elementor-widget-container\">\n\t\t\t\t\t\t\t<div class=\"elementor-shortcode\"><div class=\"blog_sel_wap\">    <div class=\"cremb_title\">Strona g\u0142\u00f3wna \/ Spo\u0142eczno\u015b\u0107 \/ Spo\u0142eczno\u015b\u0107<\/div>\r\n    <div class=\"top_txt\">\r\n         <h1>Witamy w spo\u0142eczno\u015bci 1edo<\/h1>\r\n        <div class=\"search_text\">Po\u0142\u0105cz si\u0119 i nawi\u0105\u017c kontakt z nasz\u0105 spo\u0142eczno\u015bci\u0105, aby uzyska\u0107 odpowiedzi, om\u00f3wi\u0107 najlepsze praktyki i stale dowiadywa\u0107 si\u0119 wi\u0119cej o rozwi\u0105zaniach 1edo.<\/div>\r\n           <input id=\"bkeys\" type=\"text\" \/>\r\n          <span id=\"sel_bkey\"> <img decoding=\"async\" src=\"\/wp-content\/uploads\/product_info_imgs\/blog_sel.png\" alt=\"blog_sel\"\/> <\/span>\r\n       <\/div>\r\n     <div class=\"sel_bottom\">\r\n     <ul>\r\n         <li><img decoding=\"async\" src=\"\/wp-content\/uploads\/product_info_imgs\/se01.png\" alt=\"Posts\"><\/li><li>  11 post\u00f3w<\/li>\r\n     <li><img decoding=\"async\" src=\"\/wp-content\/uploads\/product_info_imgs\/se02.png\" alt=\"Members\"><\/li><li>  13 cz\u0142onk\u00f3w<\/li>\r\n     <li><img decoding=\"async\" src=\"\/wp-content\/uploads\/product_info_imgs\/se03.png\" alt=\"Online\"><\/li><li>13 W Internecie<\/li>\r\n    <\/ul>\r\n    <\/div>\r\n<\/div>\r\n\r\n  <script src=\"\/wp-content\/uploads\/product_info_imgs\/jquery-3.2.1.min.js\"><\/script>\r\n  <script type=\"text\/javascript\">\r\n             $(document).ready(function() {\r\n              \/\/\u4e0b\u62c9\u7b5b\u9009-\u8ba2\u5355\u9875\r\n               $('#sel_bkey img').click(function() {\r\n                        var url = \"\/?bkey=\"+$(\"#bkeys\").val();\r\n                        if (url != '') {\r\n                            window.location.href = url;\r\n                        }\r\n                    });\r\n                });\r\n<\/script><\/div>\n\t\t\t\t\t\t<\/div>\n\t\t\t\t<\/div>\n\t\t\t\t\t<\/div>\n\t\t\t\t<\/div>\n\t\t<div class=\"elementor-element elementor-element-cba2a08 e-flex e-con-boxed e-con e-parent\" data-id=\"cba2a08\" data-element_type=\"container\" data-settings=\"{&quot;background_background&quot;:&quot;classic&quot;}\">\n\t\t\t\t\t<div class=\"e-con-inner\">\n\t\t\t\t<div class=\"elementor-element elementor-element-ac1f22b elementor-widget elementor-widget-shortcode\" data-id=\"ac1f22b\" data-element_type=\"widget\" data-widget_type=\"shortcode.default\">\n\t\t\t\t<div class=\"elementor-widget-container\">\n\t\t\t\t\t\t\t<div class=\"elementor-shortcode\"><div id=\"author_wap\">\r\n<div class=\"top_info\">\r\n  <span class=\"first\"><h2>\r\n\t  Autorski\r\n\t  <\/h2><\/span>\r\n  <span class=\"two\" style=\"display:none\">Posty<\/span>   \r\n<\/div>\r\n\r\n<!--\r\n<div class=\"top_rel\"> \r\n<ul>\r\n<li class=\"first\">Time Range :<\/li>\r\n<li>Last Day (24 Hours)<\/li>\r\n<li>Last Week (7 Days)<\/li>\r\n<li> Last Month (30 Days)<\/li>\r\n<li> Last 3 Months<\/li> \r\n<li>Last 6 Months<\/li>\r\n<li>Last Year<\/li>\r\n<li>All Time<\/li>\r\n <\/ul> \r\n<div>  -->\r\n\r\n<h2> Autorzy najwy\u017cej oceniani w \u201espo\u0142eczno\u015bci 1edo\u201d  <\/h2>\r\n\r\n<div class=\"athor_content\">\r\n       <ul>\r\n     <li class=\"first\">1 <\/li>\r\n    <li class=\"two\">\r\n        \u00a0 \u00a0 \u00a0 \u00a0<img decoding=\"async\" src=\"\/wp-content\/uploads\/athorPhoto\/photo.png\" alt=\"photo\" width=\"55\" height=\"55\" title=\"\"> \r\n            <\/li>\r\n    <li class=\"three\">Admin <\/li>\r\n    <li class=\"last\"> <img decoding=\"async\" src=\"\/wp-content\/uploads\/product_info_imgs\/links.png\" alt=\"links\"> 0 <\/li>\r\n    <\/ul>\r\n         <ul>\r\n     <li class=\"first\">2 <\/li>\r\n    <li class=\"two\">\r\n        \u00a0 \u00a0 \u00a0 \u00a0<img decoding=\"async\" src=\"\/wp-content\/uploads\/athorPhoto\/photo.png\" alt=\"photo\" width=\"55\" height=\"55\" title=\"\"> \r\n            <\/li>\r\n    <li class=\"three\">1edo_zhc <\/li>\r\n    <li class=\"last\"> <img decoding=\"async\" src=\"\/wp-content\/uploads\/product_info_imgs\/links.png\" alt=\"links\"> 0 <\/li>\r\n    <\/ul>\r\n         <ul>\r\n     <li class=\"first\">3 <\/li>\r\n    <li class=\"two\">\r\n        \u00a0 \u00a0 \u00a0 \u00a0<img decoding=\"async\" src=\"\/wp-content\/uploads\/athorPhoto\/photo.png\" alt=\"photo\" width=\"55\" height=\"55\" title=\"\"> \r\n            <\/li>\r\n    <li class=\"three\">zhhc1 <\/li>\r\n    <li class=\"last\"> <img decoding=\"async\" src=\"\/wp-content\/uploads\/product_info_imgs\/links.png\" alt=\"links\"> 0 <\/li>\r\n    <\/ul>\r\n         <ul>\r\n     <li class=\"first\">4 <\/li>\r\n    <li class=\"two\">\r\n        \u00a0 \u00a0 \u00a0 \u00a0<img decoding=\"async\" src=\"\/wp-content\/uploads\/athorPhoto\/photo.png\" alt=\"photo\" width=\"55\" height=\"55\" title=\"\"> \r\n            <\/li>\r\n    <li class=\"three\">zhhc2 <\/li>\r\n    <li class=\"last\"> <img decoding=\"async\" src=\"\/wp-content\/uploads\/product_info_imgs\/links.png\" alt=\"links\"> 0 <\/li>\r\n    <\/ul>\r\n         <ul>\r\n     <li class=\"first\">5 <\/li>\r\n    <li class=\"two\">\r\n        \u00a0 \u00a0 \u00a0 \u00a0<img decoding=\"async\" src=\"\/wp-content\/uploads\/athorPhoto\/photo.png\" alt=\"photo\" width=\"55\" height=\"55\" title=\"\"> \r\n            <\/li>\r\n    <li class=\"three\">uwrsjo-ttjdccj <\/li>\r\n    <li class=\"last\"> <img decoding=\"async\" src=\"\/wp-content\/uploads\/product_info_imgs\/links.png\" alt=\"links\"> 0 <\/li>\r\n    <\/ul>\r\n         <ul>\r\n     <li class=\"first\">6 <\/li>\r\n    <li class=\"two\">\r\n        \u00a0 \u00a0 \u00a0 \u00a0<img decoding=\"async\" src=\"\/wp-content\/uploads\/athorPhoto\/photo.png\" alt=\"photo\" width=\"55\" height=\"55\" title=\"\"> \r\n            <\/li>\r\n    <li class=\"three\">xingxdd <\/li>\r\n    <li class=\"last\"> <img decoding=\"async\" src=\"\/wp-content\/uploads\/product_info_imgs\/links.png\" alt=\"links\"> 0 <\/li>\r\n    <\/ul>\r\n         <ul>\r\n     <li class=\"first\">7 <\/li>\r\n    <li class=\"two\">\r\n        \u00a0 \u00a0 \u00a0 \u00a0<img decoding=\"async\" src=\"\/wp-content\/uploads\/athorPhoto\/photo.png\" alt=\"photo\" width=\"55\" height=\"55\" title=\"\"> \r\n            <\/li>\r\n    <li class=\"three\">1edo2024 <\/li>\r\n    <li class=\"last\"> <img decoding=\"async\" src=\"\/wp-content\/uploads\/product_info_imgs\/links.png\" alt=\"links\"> 0 <\/li>\r\n    <\/ul>\r\n         <ul>\r\n     <li class=\"first\">8 <\/li>\r\n    <li class=\"two\">\r\n        \u00a0 \u00a0 \u00a0 \u00a0<img decoding=\"async\" src=\"\/wp-content\/uploads\/athorPhoto\/photo.png\" alt=\"photo\" width=\"55\" height=\"55\" title=\"\"> \r\n            <\/li>\r\n    <li class=\"three\">1edo2025 <\/li>\r\n    <li class=\"last\"> <img decoding=\"async\" src=\"\/wp-content\/uploads\/product_info_imgs\/links.png\" alt=\"links\"> 0 <\/li>\r\n    <\/ul>\r\n         <ul>\r\n     <li class=\"first\">9 <\/li>\r\n    <li class=\"two\">\r\n        \u00a0 \u00a0 \u00a0 \u00a0<img decoding=\"async\" src=\"\/wp-content\/uploads\/athorPhoto\/photo.png\" alt=\"photo\" width=\"55\" height=\"55\" title=\"\"> \r\n            <\/li>\r\n    <li class=\"three\">1edo2026 <\/li>\r\n    <li class=\"last\"> <img decoding=\"async\" src=\"\/wp-content\/uploads\/product_info_imgs\/links.png\" alt=\"links\"> 0 <\/li>\r\n    <\/ul>\r\n         <ul>\r\n     <li class=\"first\">10 <\/li>\r\n    <li class=\"two\">\r\n        \u00a0 \u00a0 \u00a0 \u00a0<img decoding=\"async\" src=\"\/wp-content\/uploads\/athorPhoto\/photo.png\" alt=\"photo\" width=\"55\" height=\"55\" title=\"\"> \r\n            <\/li>\r\n    <li class=\"three\">nazwa u\u017cytkownika <\/li>\r\n    <li class=\"last\"> <img decoding=\"async\" src=\"\/wp-content\/uploads\/product_info_imgs\/links.png\" alt=\"links\"> 0 <\/li>\r\n    <\/ul>\r\n         <ul>\r\n     <li class=\"first\">11 <\/li>\r\n    <li class=\"two\">\r\n        \u00a0 \u00a0 \u00a0 \u00a0<img decoding=\"async\" src=\"\/wp-content\/uploads\/athorPhoto\/photo.png\" alt=\"photo\" width=\"55\" height=\"55\" title=\"\"> \r\n            <\/li>\r\n    <li class=\"three\">Smileymeng5gmail-com <\/li>\r\n    <li class=\"last\"> <img decoding=\"async\" src=\"\/wp-content\/uploads\/product_info_imgs\/links.png\" alt=\"links\"> 0 <\/li>\r\n    <\/ul>\r\n         <ul>\r\n     <li class=\"first\">12 <\/li>\r\n    <li class=\"two\">\r\n        \u00a0 \u00a0 \u00a0 \u00a0<img decoding=\"async\" src=\"\/wp-content\/uploads\/athorPhoto\/photo.png\" alt=\"photo\" width=\"55\" height=\"55\" title=\"\"> \r\n            <\/li>\r\n    <li class=\"three\">ruofan1001gmail-com <\/li>\r\n    <li class=\"last\"> <img decoding=\"async\" src=\"\/wp-content\/uploads\/product_info_imgs\/links.png\" alt=\"links\"> 0 <\/li>\r\n    <\/ul>\r\n         <ul>\r\n     <li class=\"first\">13 <\/li>\r\n    <li class=\"two\">\r\n        \u00a0 \u00a0 \u00a0 \u00a0<img decoding=\"async\" src=\"\/wp-content\/uploads\/athorPhoto\/photo.png\" alt=\"photo\" width=\"55\" height=\"55\" title=\"\"> \r\n            <\/li>\r\n    <li class=\"three\">1edo_soft <\/li>\r\n    <li class=\"last\"> <img decoding=\"async\" src=\"\/wp-content\/uploads\/product_info_imgs\/links.png\" alt=\"links\"> 0 <\/li>\r\n    <\/ul>\r\n     <\/div>\r\n\r\n <!--page start-->\r\n  <div class=\"page_wap\">\r\n    <span class=\"first_page\"> <a href=\"\/pl\/authors-all\/?pages=1\" > Strona wst\u0119pna <\/a> <\/span>\r\n      <\/div>\r\n<!-- page end -->\r\n\r\n<\/div><\/div>\n\t\t\t\t\t\t<\/div>\n\t\t\t\t<\/div>\n\t\t\t\t\t<\/div>\n\t\t\t\t<\/div>\n\t\t<div class=\"elementor-element elementor-element-d8cb018 e-flex e-con-boxed e-con e-parent\" data-id=\"d8cb018\" data-element_type=\"container\">\n\t\t\t\t\t<div class=\"e-con-inner\">\n\t\t\t\t<div class=\"elementor-element elementor-element-d5d450f elementor-widget elementor-widget-shortcode\" data-id=\"d5d450f\" data-element_type=\"widget\" data-widget_type=\"shortcode.default\">\n\t\t\t\t<div class=\"elementor-widget-container\">\n\t\t\t\t\t\t\t<div class=\"elementor-shortcode\"><div class=\"community_wap_last  container\">\r\n<div class=\"community_bottom\">\r\n     <h2>Zasoby spo\u0142eczno\u015bci<\/h2>\r\n     <p>Materia\u0142y te pomog\u0105 Ci uczestniczy\u0107 i nawi\u0105zywa\u0107 kontakt z innymi cz\u0142onkami<\/p>\r\n     \r\n     <div class=\"main\">\r\n           <div class=\"image\"><img decoding=\"async\" src=\"\/wp-content\/uploads\/product_info_imgs\/bb01.png\" alt=\"bb01\"><\/div>\r\n           <div class=\"info\">\r\n                  <h3>Zasady zaanga\u017cowania<\/h3>\r\n                   <div class=\"community_content\">Uczestnicy spo\u0142eczno\u015bci 1edo powinni okazywa\u0107 szacunek, wspiera\u0107 i by\u0107 profesjonalni. Poznaj zasady, kt\u00f3rych powinni przestrzega\u0107 wszyscy cz\u0142onkowie, a tak\u017ce dzia\u0142ania, kt\u00f3re mog\u0105 doprowadzi\u0107 do usuni\u0119cia tre\u015bci cz\u0142onka.<\/div>\r\n           <\/div>\r\n     <\/div>\r\n\r\n    <div class=\"main\">\r\n           <div class=\"image\"><img decoding=\"async\" src=\"\/wp-content\/uploads\/product_info_imgs\/bb02.png\" alt=\"bb02\"><\/div>\r\n           <div class=\"info\">\r\n                  <h3>Samouczek spo\u0142eczno\u015bci 1edo<\/h3>\r\n                   <div class=\"community_content\">Samouczek Tour the Community zapewnia cenny wgl\u0105d w nawigacj\u0119 i uczestnictwo w spo\u0142eczno\u015bci, obejmuj\u0105c wszystko, od podstaw po blogowanie.<\/div>\r\n           <\/div>\r\n     <\/div>\r\n\r\n <div class=\"main\">\r\n           <div class=\"image\"><img decoding=\"async\" src=\"\/wp-content\/uploads\/product_info_imgs\/bb03.png\" alt=\"bb03\"><\/div>\r\n           <div class=\"info\">\r\n                  <h3>Zesp\u00f3\u0142 spo\u0142eczno\u015bci 1edo i moderacja<\/h3>\r\n                   <div class=\"community_content\">Zesp\u00f3\u0142 spo\u0142eczno\u015bci 1edo i moderacja Zesp\u00f3\u0142 spo\u0142eczno\u015bci 1edo jest gotowy odpowiedzie\u0107 na Twoje pytania dotycz\u0105ce naszej platformy. W naszym zespole znajduj\u0105 si\u0119 moderatorzy, kt\u00f3rzy dbaj\u0105 o to, aby Spo\u0142eczno\u015b\u0107 1edo pozosta\u0142a profesjonalnym \u017ar\u00f3d\u0142em informacji, pomagaj\u0105cym w mediacji konflikt\u00f3w zwi\u0105zanych z dzia\u0142aniami moderacyjnymi.<\/div>\r\n           <\/div>\r\n     <\/div>\r\n\r\n <div class=\"main\">\r\n           <div class=\"image\"><img decoding=\"async\" src=\"\/wp-content\/uploads\/product_info_imgs\/bb01.png\" alt=\"bb01\"><\/div>\r\n           <div class=\"info\">\r\n                  <h3>G\u0142os spo\u0142eczno\u015bci 1edo<\/h3>\r\n                   <div class=\"community_content\">1edo Community Voice to biuletyn wydawany dwa razy w miesi\u0105cu, kt\u00f3ry podkre\u015bla najlepsze tre\u015bci spo\u0142eczno\u015bci 1EDO, w tym wpisy na blogach, dyskusje, aktualno\u015bci, samouczki, wydarzenia i nie tylko. Zapisz si\u0119 ju\u017c dzi\u015b!<\/div>\r\n           <\/div>\r\n     <\/div>\r\n\r\n <div class=\"main\">\r\n           <div class=\"image\"><img decoding=\"async\" src=\"\/wp-content\/uploads\/product_info_imgs\/bb02.png\" alt=\"bb02\"><\/div>\r\n           <div class=\"info\">\r\n                  <h3>Prywatno\u015b\u0107 \u2013 cz\u0119sto zadawane pytania<\/h3>\r\n                   <div class=\"community_content\">Uzyskaj odpowiedzi na cz\u0119sto zadawane pytania dotycz\u0105ce prywatno\u015bci profilu, aby dowiedzie\u0107 si\u0119, jak w pe\u0142ni wykorzysta\u0107 mo\u017cliwo\u015bci spo\u0142eczno\u015bci 1edo.<\/div>\r\n           <\/div>\r\n     <\/div>\r\n\r\n <div class=\"main\">\r\n           <div class=\"image\"><img decoding=\"async\" src=\"\/wp-content\/uploads\/product_info_imgs\/bb03.png\" alt=\"bb03\"><\/div>\r\n           <div class=\"info\">\r\n                  <h3>Aktywni odbiorcy miesi\u0119cznie wed\u0142ug DSA<\/h3>\r\n                   <div class=\"community_content\">Zobacz przeci\u0119tnych miesi\u0119cznych aktywnych odbiorc\u00f3w us\u0142ugi w Unii (\u015brednia z okresu ostatnich sze\u015bciu miesi\u0119cy) zgodnie z art. 24 ust. 2 Rozporz\u0105dzenia Parlamentu Europejskiego i Rady (UE) 2022\/2065 z dnia 19 pa\u017adziernika 2022 w sprawie jednolitego rynku us\u0142ug cyfrowych i zmieniaj\u0105ca dyrektyw\u0119 2000\/31\/WE (us\u0142ugi cyfrowe<\/div>\r\n           <\/div>\r\n     <\/div>\r\n\r\n<\/div>\r\n<\/div><\/div>\n\t\t\t\t\t\t<\/div>\n\t\t\t\t<\/div>\n\t\t\t\t\t<\/div>\n\t\t\t\t<\/div>\n\t\t\t\t<\/div>","protected":false},"excerpt":{"rendered":"","protected":false},"author":1,"featured_media":0,"parent":0,"menu_order":0,"comment_status":"closed","ping_status":"closed","template":"elementor_header_footer","meta":{"footnotes":""},"class_list":["post-6497","page","type-page","status-publish","hentry"],"yoast_head":"<!-- This site is optimized with the Yoast SEO Premium plugin v22.8 (Yoast SEO v26.7) - https:\/\/yoast.com\/wordpress\/plugins\/seo\/ -->\n<title>authors-all - 1edo community<\/title>\n<meta name=\"description\" content=\"Collection of all authors, total number of posts, and ranking list of total number of replies\" \/>\n<meta name=\"robots\" content=\"index, follow, max-snippet:-1, max-image-preview:large, max-video-preview:-1\" \/>\n<link rel=\"canonical\" href=\"https:\/\/communitycdn2.1edo.com\/pl\/authors-all\/\" \/>\n<meta property=\"og:locale\" content=\"pl_PL\" \/>\n<meta property=\"og:type\" content=\"article\" \/>\n<meta property=\"og:title\" content=\"authors-all\" \/>\n<meta property=\"og:description\" content=\"Collection of all authors, total number of posts, and ranking list of total number of replies\" \/>\n<meta property=\"og:url\" content=\"https:\/\/communitycdn2.1edo.com\/pl\/authors-all\/\" \/>\n<meta property=\"og:site_name\" content=\"1edo community\" \/>\n<meta property=\"article:modified_time\" content=\"2026-01-15T02:49:13+00:00\" \/>\n<meta name=\"twitter:card\" content=\"summary_large_image\" \/>\n<script type=\"application\/ld+json\" class=\"yoast-schema-graph\">{\"@context\":\"https:\/\/schema.org\",\"@graph\":[{\"@type\":\"WebPage\",\"@id\":\"https:\/\/communitycdn2.1edo.com\/authors-all\/\",\"url\":\"https:\/\/communitycdn2.1edo.com\/authors-all\/\",\"name\":\"authors-all - 1edo community\",\"isPartOf\":{\"@id\":\"https:\/\/communitycdn2.1edo.com\/#website\"},\"datePublished\":\"2024-02-22T06:04:25+00:00\",\"dateModified\":\"2026-01-15T02:49:13+00:00\",\"description\":\"Collection of all authors, total number of posts, and ranking list of total number of replies\",\"breadcrumb\":{\"@id\":\"https:\/\/communitycdn2.1edo.com\/authors-all\/#breadcrumb\"},\"inLanguage\":\"pl-PL\",\"potentialAction\":[{\"@type\":\"ReadAction\",\"target\":[\"https:\/\/communitycdn2.1edo.com\/authors-all\/\"]}]},{\"@type\":\"BreadcrumbList\",\"@id\":\"https:\/\/communitycdn2.1edo.com\/authors-all\/#breadcrumb\",\"itemListElement\":[{\"@type\":\"ListItem\",\"position\":1,\"name\":\"Home\",\"item\":\"https:\/\/communitycdn2.1edo.com\/\"},{\"@type\":\"ListItem\",\"position\":2,\"name\":\"authors-all\"}]},{\"@type\":\"WebSite\",\"@id\":\"https:\/\/communitycdn2.1edo.com\/#website\",\"url\":\"https:\/\/communitycdn2.1edo.com\/\",\"name\":\"1edo community\",\"description\":\"1edo community\",\"potentialAction\":[{\"@type\":\"SearchAction\",\"target\":{\"@type\":\"EntryPoint\",\"urlTemplate\":\"https:\/\/communitycdn2.1edo.com\/?s={search_term_string}\"},\"query-input\":{\"@type\":\"PropertyValueSpecification\",\"valueRequired\":true,\"valueName\":\"search_term_string\"}}],\"inLanguage\":\"pl-PL\"}]}<\/script>\n<!-- \/ Yoast SEO Premium plugin. -->","yoast_head_json":{"title":"autorzy-wszyscy - spo\u0142eczno\u015b\u0107 1edo","description":"Zbi\u00f3r wszystkich autor\u00f3w, \u0142\u0105czna liczba post\u00f3w i lista rankingowa ca\u0142kowitej liczby odpowiedzi","robots":{"index":"index","follow":"follow","max-snippet":"max-snippet:-1","max-image-preview":"max-image-preview:large","max-video-preview":"max-video-preview:-1"},"canonical":"https:\/\/communitycdn2.1edo.com\/pl\/authors-all\/","og_locale":"pl_PL","og_type":"article","og_title":"authors-all","og_description":"Collection of all authors, total number of posts, and ranking list of total number of replies","og_url":"https:\/\/communitycdn2.1edo.com\/pl\/authors-all\/","og_site_name":"1edo community","article_modified_time":"2026-01-15T02:49:13+00:00","twitter_card":"summary_large_image","schema":{"@context":"https:\/\/schema.org","@graph":[{"@type":"WebPage","@id":"https:\/\/communitycdn2.1edo.com\/authors-all\/","url":"https:\/\/communitycdn2.1edo.com\/authors-all\/","name":"autorzy-wszyscy - spo\u0142eczno\u015b\u0107 1edo","isPartOf":{"@id":"https:\/\/communitycdn2.1edo.com\/#website"},"datePublished":"2024-02-22T06:04:25+00:00","dateModified":"2026-01-15T02:49:13+00:00","description":"Zbi\u00f3r wszystkich autor\u00f3w, \u0142\u0105czna liczba post\u00f3w i lista rankingowa ca\u0142kowitej liczby odpowiedzi","breadcrumb":{"@id":"https:\/\/communitycdn2.1edo.com\/authors-all\/#breadcrumb"},"inLanguage":"pl-PL","potentialAction":[{"@type":"ReadAction","target":["https:\/\/communitycdn2.1edo.com\/authors-all\/"]}]},{"@type":"BreadcrumbList","@id":"https:\/\/communitycdn2.1edo.com\/authors-all\/#breadcrumb","itemListElement":[{"@type":"ListItem","position":1,"name":"Home","item":"https:\/\/communitycdn2.1edo.com\/"},{"@type":"ListItem","position":2,"name":"authors-all"}]},{"@type":"WebSite","@id":"https:\/\/communitycdn2.1edo.com\/#website","url":"https:\/\/communitycdn2.1edo.com\/","name":"Spo\u0142eczno\u015b\u0107 1edo","description":"Spo\u0142eczno\u015b\u0107 1edo","potentialAction":[{"@type":"SearchAction","target":{"@type":"EntryPoint","urlTemplate":"https:\/\/communitycdn2.1edo.com\/?s={search_term_string}"},"query-input":{"@type":"PropertyValueSpecification","valueRequired":true,"valueName":"search_term_string"}}],"inLanguage":"pl-PL"}]}},"_links":{"self":[{"href":"https:\/\/communitycdn2.1edo.com\/pl\/wp-json\/wp\/v2\/pages\/6497","targetHints":{"allow":["GET"]}}],"collection":[{"href":"https:\/\/communitycdn2.1edo.com\/pl\/wp-json\/wp\/v2\/pages"}],"about":[{"href":"https:\/\/communitycdn2.1edo.com\/pl\/wp-json\/wp\/v2\/types\/page"}],"author":[{"embeddable":true,"href":"https:\/\/communitycdn2.1edo.com\/pl\/wp-json\/wp\/v2\/users\/1"}],"replies":[{"embeddable":true,"href":"https:\/\/communitycdn2.1edo.com\/pl\/wp-json\/wp\/v2\/comments?post=6497"}],"version-history":[{"count":0,"href":"https:\/\/communitycdn2.1edo.com\/pl\/wp-json\/wp\/v2\/pages\/6497\/revisions"}],"wp:attachment":[{"href":"https:\/\/communitycdn2.1edo.com\/pl\/wp-json\/wp\/v2\/media?parent=6497"}],"curies":[{"name":"wp","href":"https:\/\/api.w.org\/{rel}","templated":true}]}}