{"id":6346,"date":"2024-01-25T00:50:14","date_gmt":"2024-01-25T00:50:14","guid":{"rendered":"https:\/\/community.1edo.com\/?page_id=6346"},"modified":"2024-06-01T08:59:00","modified_gmt":"2024-06-01T08:59:00","slug":"more-tag","status":"publish","type":"page","link":"https:\/\/communitycdn2.1edo.com\/tr\/more-tag\/","title":{"rendered":"Daha Fazla Etiket"},"content":{"rendered":"<div data-elementor-type=\"wp-page\" data-elementor-id=\"6346\" class=\"elementor elementor-6346\" data-elementor-post-type=\"page\">\n\t\t\t\t<div class=\"elementor-element elementor-element-d554ca4 e-flex e-con-boxed e-con e-parent\" data-id=\"d554ca4\" data-element_type=\"container\" data-settings=\"{&quot;background_background&quot;:&quot;classic&quot;}\">\n\t\t\t\t\t<div class=\"e-con-inner\">\n\t\t\t\t<div class=\"elementor-element elementor-element-180e612 elementor-widget elementor-widget-heading\" data-id=\"180e612\" data-element_type=\"widget\" data-widget_type=\"heading.default\">\n\t\t\t\t<div class=\"elementor-widget-container\">\n\t\t\t\t\t<h6 class=\"elementor-heading-title elementor-size-default\">Ana Sayfa \/ Topluluk \/ Blog<\/h6>\t\t\t\t<\/div>\n\t\t\t\t<\/div>\n\t\t\t\t<div class=\"elementor-element elementor-element-ed2b224 elementor-widget elementor-widget-text-editor\" data-id=\"ed2b224\" data-element_type=\"widget\" data-widget_type=\"text-editor.default\">\n\t\t\t\t<div class=\"elementor-widget-container\">\n\t\t\t\t\t\t\t\t\t<h1>T\u00dcM Blog Yaz\u0131lar\u0131<\/h1>\t\t\t\t\t\t\t\t<\/div>\n\t\t\t\t<\/div>\n\t\t\t\t<div class=\"elementor-element elementor-element-8ce664f elementor-widget elementor-widget-shortcode\" data-id=\"8ce664f\" data-element_type=\"widget\" data-widget_type=\"shortcode.default\">\n\t\t\t\t<div class=\"elementor-widget-container\">\n\t\t\t\t\t\t\t<div class=\"elementor-shortcode\">[xyz-ips snippet = &quot;Blogda Arama&quot;]<\/div>\n\t\t\t\t\t\t<\/div>\n\t\t\t\t<\/div>\n\t\t\t\t<div class=\"elementor-element elementor-element-968515e elementor-widget elementor-widget-text-editor\" data-id=\"968515e\" data-element_type=\"widget\" data-widget_type=\"text-editor.default\">\n\t\t\t\t<div class=\"elementor-widget-container\">\n\t\t\t\t\t\t\t\t\t<p>Blog Yaz\u0131s\u0131 Yaz<\/p>\t\t\t\t\t\t\t\t<\/div>\n\t\t\t\t<\/div>\n\t\t\t\t\t<\/div>\n\t\t\t\t<\/div>\n\t\t<div class=\"elementor-element elementor-element-1eaa6fc e-flex e-con-boxed e-con e-parent\" data-id=\"1eaa6fc\" data-element_type=\"container\">\n\t\t\t\t\t<div class=\"e-con-inner\">\n\t\t\t\t<div class=\"elementor-element elementor-element-38dc77c elementor-widget elementor-widget-shortcode\" data-id=\"38dc77c\" data-element_type=\"widget\" data-widget_type=\"shortcode.default\">\n\t\t\t\t<div class=\"elementor-widget-container\">\n\t\t\t\t\t\t\t<div class=\"elementor-shortcode\"><div class=\"all_tag\">\r\n      <div class=\"item\">\r\n       <h2> A <\/h2>\r\n       <ul>\r\n             <\/ul>\r\n    <\/div>\r\n        <div class=\"item\">\r\n       <h2> B <\/h2>\r\n       <ul>\r\n             <\/ul>\r\n    <\/div>\r\n        <div class=\"item\">\r\n       <h2> C <\/h2>\r\n       <ul>\r\n              <li> <a href =\"\/tr\/tag\/Chargers\/\"> \u015earj Cihazlar\u0131 <\/a> <\/li>\r\n             <\/ul>\r\n    <\/div>\r\n        <div class=\"item\">\r\n       <h2> D <\/h2>\r\n       <ul>\r\n             <\/ul>\r\n    <\/div>\r\n        <div class=\"item\">\r\n       <h2> e <\/h2>\r\n       <ul>\r\n             <\/ul>\r\n    <\/div>\r\n        <div class=\"item\">\r\n       <h2> F <\/h2>\r\n       <ul>\r\n             <\/ul>\r\n    <\/div>\r\n        <div class=\"item\">\r\n       <h2> G <\/h2>\r\n       <ul>\r\n             <\/ul>\r\n    <\/div>\r\n        <div class=\"item\">\r\n       <h2> H <\/h2>\r\n       <ul>\r\n             <\/ul>\r\n    <\/div>\r\n        <div class=\"item\">\r\n       <h2> BEN <\/h2>\r\n       <ul>\r\n             <\/ul>\r\n    <\/div>\r\n        <div class=\"item\">\r\n       <h2> J <\/h2>\r\n       <ul>\r\n             <\/ul>\r\n    <\/div>\r\n        <div class=\"item\">\r\n       <h2> k <\/h2>\r\n       <ul>\r\n             <\/ul>\r\n    <\/div>\r\n        <div class=\"item\">\r\n       <h2> L <\/h2>\r\n       <ul>\r\n             <\/ul>\r\n    <\/div>\r\n        <div class=\"item\">\r\n       <h2> M <\/h2>\r\n       <ul>\r\n             <\/ul>\r\n    <\/div>\r\n        <div class=\"item\">\r\n       <h2> N <\/h2>\r\n       <ul>\r\n             <\/ul>\r\n    <\/div>\r\n        <div class=\"item\">\r\n       <h2> \u00d6 <\/h2>\r\n       <ul>\r\n             <\/ul>\r\n    <\/div>\r\n        <div class=\"item\">\r\n       <h2> P <\/h2>\r\n       <ul>\r\n             <\/ul>\r\n    <\/div>\r\n        <div class=\"item\">\r\n       <h2> Q <\/h2>\r\n       <ul>\r\n             <\/ul>\r\n    <\/div>\r\n        <div class=\"item\">\r\n       <h2> R <\/h2>\r\n       <ul>\r\n             <\/ul>\r\n    <\/div>\r\n        <div class=\"item\">\r\n       <h2> S <\/h2>\r\n       <ul>\r\n             <\/ul>\r\n    <\/div>\r\n        <div class=\"item\">\r\n       <h2> T <\/h2>\r\n       <ul>\r\n             <\/ul>\r\n    <\/div>\r\n        <div class=\"item\">\r\n       <h2> sen <\/h2>\r\n       <ul>\r\n             <\/ul>\r\n    <\/div>\r\n        <div class=\"item\">\r\n       <h2> V <\/h2>\r\n       <ul>\r\n             <\/ul>\r\n    <\/div>\r\n        <div class=\"item\">\r\n       <h2> K <\/h2>\r\n       <ul>\r\n             <\/ul>\r\n    <\/div>\r\n        <div class=\"item\">\r\n       <h2> X <\/h2>\r\n       <ul>\r\n             <\/ul>\r\n    <\/div>\r\n        <div class=\"item\">\r\n       <h2> e <\/h2>\r\n       <ul>\r\n             <\/ul>\r\n    <\/div>\r\n        <div class=\"item\">\r\n       <h2> Z <\/h2>\r\n       <ul>\r\n             <\/ul>\r\n    <\/div>\r\n    <\/div><\/div>\n\t\t\t\t\t\t<\/div>\n\t\t\t\t<\/div>\n\t\t\t\t\t<\/div>\n\t\t\t\t<\/div>\n\t\t\t\t<\/div>","protected":false},"excerpt":{"rendered":"<p>Ana Sayfa \/ Topluluk \/ Blog T\u00dcM Blog Yaz\u0131lar\u0131 [xyz-ips snippet=\u201dBlog-Search\u201d] Bir Blog Yaz\u0131s\u0131 Yaz<\/p>","protected":false},"author":1,"featured_media":0,"parent":0,"menu_order":0,"comment_status":"closed","ping_status":"closed","template":"","meta":{"footnotes":""},"class_list":["post-6346","page","type-page","status-publish","hentry"],"yoast_head":"<!-- This site is optimized with the Yoast SEO Premium plugin v22.8 (Yoast SEO v26.7) - https:\/\/yoast.com\/wordpress\/plugins\/seo\/ -->\n<title>More Tag - 1edo community<\/title>\n<meta name=\"description\" content=\"1edo community, More tag collections to help users query based on keywords\" \/>\n<meta name=\"robots\" content=\"index, follow, max-snippet:-1, max-image-preview:large, max-video-preview:-1\" \/>\n<link rel=\"canonical\" href=\"https:\/\/communitycdn2.1edo.com\/tr\/more-tag\/\" \/>\n<meta property=\"og:locale\" content=\"tr_TR\" \/>\n<meta property=\"og:type\" content=\"article\" \/>\n<meta property=\"og:title\" content=\"More Tag\" \/>\n<meta property=\"og:description\" content=\"1edo community, More tag collections to help users query based on keywords\" \/>\n<meta property=\"og:url\" content=\"https:\/\/communitycdn2.1edo.com\/tr\/more-tag\/\" \/>\n<meta property=\"og:site_name\" content=\"1edo community\" \/>\n<meta property=\"article:modified_time\" content=\"2024-06-01T08:59:00+00:00\" \/>\n<meta name=\"twitter:card\" content=\"summary_large_image\" \/>\n<meta name=\"twitter:label1\" content=\"Tahmini okuma s\u00fcresi\" \/>\n\t<meta name=\"twitter:data1\" content=\"1 dakika\" \/>\n<script type=\"application\/ld+json\" class=\"yoast-schema-graph\">{\"@context\":\"https:\/\/schema.org\",\"@graph\":[{\"@type\":\"WebPage\",\"@id\":\"https:\/\/communitycdn2.1edo.com\/more-tag\/\",\"url\":\"https:\/\/communitycdn2.1edo.com\/more-tag\/\",\"name\":\"More Tag - 1edo community\",\"isPartOf\":{\"@id\":\"https:\/\/communitycdn2.1edo.com\/#website\"},\"datePublished\":\"2024-01-25T00:50:14+00:00\",\"dateModified\":\"2024-06-01T08:59:00+00:00\",\"description\":\"1edo community, More tag collections to help users query based on keywords\",\"breadcrumb\":{\"@id\":\"https:\/\/communitycdn2.1edo.com\/more-tag\/#breadcrumb\"},\"inLanguage\":\"tr\",\"potentialAction\":[{\"@type\":\"ReadAction\",\"target\":[\"https:\/\/communitycdn2.1edo.com\/more-tag\/\"]}]},{\"@type\":\"BreadcrumbList\",\"@id\":\"https:\/\/communitycdn2.1edo.com\/more-tag\/#breadcrumb\",\"itemListElement\":[{\"@type\":\"ListItem\",\"position\":1,\"name\":\"Home\",\"item\":\"https:\/\/communitycdn2.1edo.com\/\"},{\"@type\":\"ListItem\",\"position\":2,\"name\":\"More Tag\"}]},{\"@type\":\"WebSite\",\"@id\":\"https:\/\/communitycdn2.1edo.com\/#website\",\"url\":\"https:\/\/communitycdn2.1edo.com\/\",\"name\":\"1edo community\",\"description\":\"1edo community\",\"potentialAction\":[{\"@type\":\"SearchAction\",\"target\":{\"@type\":\"EntryPoint\",\"urlTemplate\":\"https:\/\/communitycdn2.1edo.com\/?s={search_term_string}\"},\"query-input\":{\"@type\":\"PropertyValueSpecification\",\"valueRequired\":true,\"valueName\":\"search_term_string\"}}],\"inLanguage\":\"tr\"}]}<\/script>\n<!-- \/ Yoast SEO Premium plugin. -->","yoast_head_json":{"title":"Daha Fazla Etiket - 1edo toplulu\u011fu","description":"1edo toplulu\u011fu, Kullan\u0131c\u0131lar\u0131n anahtar kelimelere g\u00f6re sorgulama yapmas\u0131na yard\u0131mc\u0131 olacak daha fazla etiket koleksiyonu","robots":{"index":"index","follow":"follow","max-snippet":"max-snippet:-1","max-image-preview":"max-image-preview:large","max-video-preview":"max-video-preview:-1"},"canonical":"https:\/\/communitycdn2.1edo.com\/tr\/more-tag\/","og_locale":"tr_TR","og_type":"article","og_title":"More Tag","og_description":"1edo community, More tag collections to help users query based on keywords","og_url":"https:\/\/communitycdn2.1edo.com\/tr\/more-tag\/","og_site_name":"1edo community","article_modified_time":"2024-06-01T08:59:00+00:00","twitter_card":"summary_large_image","twitter_misc":{"Tahmini okuma s\u00fcresi":"1 dakika"},"schema":{"@context":"https:\/\/schema.org","@graph":[{"@type":"WebPage","@id":"https:\/\/communitycdn2.1edo.com\/more-tag\/","url":"https:\/\/communitycdn2.1edo.com\/more-tag\/","name":"Daha Fazla Etiket - 1edo toplulu\u011fu","isPartOf":{"@id":"https:\/\/communitycdn2.1edo.com\/#website"},"datePublished":"2024-01-25T00:50:14+00:00","dateModified":"2024-06-01T08:59:00+00:00","description":"1edo toplulu\u011fu, Kullan\u0131c\u0131lar\u0131n anahtar kelimelere g\u00f6re sorgulama yapmas\u0131na yard\u0131mc\u0131 olacak daha fazla etiket koleksiyonu","breadcrumb":{"@id":"https:\/\/communitycdn2.1edo.com\/more-tag\/#breadcrumb"},"inLanguage":"tr","potentialAction":[{"@type":"ReadAction","target":["https:\/\/communitycdn2.1edo.com\/more-tag\/"]}]},{"@type":"BreadcrumbList","@id":"https:\/\/communitycdn2.1edo.com\/more-tag\/#breadcrumb","itemListElement":[{"@type":"ListItem","position":1,"name":"Home","item":"https:\/\/communitycdn2.1edo.com\/"},{"@type":"ListItem","position":2,"name":"More Tag"}]},{"@type":"WebSite","@id":"https:\/\/communitycdn2.1edo.com\/#website","url":"https:\/\/communitycdn2.1edo.com\/","name":"1edo toplulu\u011fu","description":"1edo toplulu\u011fu","potentialAction":[{"@type":"SearchAction","target":{"@type":"EntryPoint","urlTemplate":"https:\/\/communitycdn2.1edo.com\/?s={search_term_string}"},"query-input":{"@type":"PropertyValueSpecification","valueRequired":true,"valueName":"search_term_string"}}],"inLanguage":"tr"}]}},"_links":{"self":[{"href":"https:\/\/communitycdn2.1edo.com\/tr\/wp-json\/wp\/v2\/pages\/6346","targetHints":{"allow":["GET"]}}],"collection":[{"href":"https:\/\/communitycdn2.1edo.com\/tr\/wp-json\/wp\/v2\/pages"}],"about":[{"href":"https:\/\/communitycdn2.1edo.com\/tr\/wp-json\/wp\/v2\/types\/page"}],"author":[{"embeddable":true,"href":"https:\/\/communitycdn2.1edo.com\/tr\/wp-json\/wp\/v2\/users\/1"}],"replies":[{"embeddable":true,"href":"https:\/\/communitycdn2.1edo.com\/tr\/wp-json\/wp\/v2\/comments?post=6346"}],"version-history":[{"count":0,"href":"https:\/\/communitycdn2.1edo.com\/tr\/wp-json\/wp\/v2\/pages\/6346\/revisions"}],"wp:attachment":[{"href":"https:\/\/communitycdn2.1edo.com\/tr\/wp-json\/wp\/v2\/media?parent=6346"}],"curies":[{"name":"wp","href":"https:\/\/api.w.org\/{rel}","templated":true}]}}