{"id":3774,"date":"2023-11-06T02:16:35","date_gmt":"2023-11-06T02:16:35","guid":{"rendered":"https:\/\/community.1edo.com\/?page_id=3774"},"modified":"2026-01-12T02:51:06","modified_gmt":"2026-01-12T02:51:06","slug":"send-mail","status":"publish","type":"page","link":"https:\/\/communitycdn2.1edo.com\/vn\/send-mail\/","title":{"rendered":"G\u1eedi th\u01b0"},"content":{"rendered":"<div data-elementor-type=\"wp-page\" data-elementor-id=\"3774\" class=\"elementor elementor-3774\" data-elementor-post-type=\"page\">\n\t\t\t\t<div class=\"elementor-element elementor-element-7ef5f0e e-flex e-con-boxed e-con e-parent\" data-id=\"7ef5f0e\" data-element_type=\"container\" data-settings=\"{&quot;background_background&quot;:&quot;classic&quot;}\">\n\t\t\t\t\t<div class=\"e-con-inner\">\n\t\t<div class=\"elementor-element elementor-element-3f2a5ca e-flex e-con-boxed e-con e-child\" data-id=\"3f2a5ca\" data-element_type=\"container\" data-settings=\"{&quot;background_background&quot;:&quot;classic&quot;}\">\n\t\t\t\t\t<div class=\"e-con-inner\">\n\t\t\t\t\t<\/div>\n\t\t\t\t<\/div>\n\t\t\t\t<div class=\"elementor-element elementor-element-395a3ef elementor-widget elementor-widget-heading\" data-id=\"395a3ef\" data-element_type=\"widget\" data-widget_type=\"heading.default\">\n\t\t\t\t<div class=\"elementor-widget-container\">\n\t\t\t\t\t<h1 class=\"elementor-heading-title elementor-size-default\">X\u00c1C MINH \u0110\u1ecaA CH\u1ec8 EMAIL C\u1ee6A B\u1ea0N<\/h1>\t\t\t\t<\/div>\n\t\t\t\t<\/div>\n\t\t\t\t<div class=\"elementor-element elementor-element-2e1d805 elementor-widget__width-initial elementor-widget elementor-widget-heading\" data-id=\"2e1d805\" data-element_type=\"widget\" data-widget_type=\"heading.default\">\n\t\t\t\t<div class=\"elementor-widget-container\">\n\t\t\t\t\t<h5 class=\"elementor-heading-title elementor-size-default\">Ch\u00fang t\u00f4i \u0111\u00e3 g\u1eedi email t\u1edbi h\u1ed9p th\u01b0 \u0111\u1ebfn c\u1ee7a b\u1ea1n. Vui l\u00f2ng x\u00e1c minh \u0111\u1ecba ch\u1ec9 email c\u1ee7a b\u1ea1n \u0111\u1ec3 ch\u00fang t\u00f4i c\u00f3 th\u1ec3 x\u00e1c nh\u1eadn danh t\u00ednh c\u1ee7a b\u1ea1n<\/h5>\t\t\t\t<\/div>\n\t\t\t\t<\/div>\n\t\t<div class=\"elementor-element elementor-element-11a9540 e-flex e-con-boxed e-con e-child\" data-id=\"11a9540\" data-element_type=\"container\" data-settings=\"{&quot;background_background&quot;:&quot;classic&quot;}\">\n\t\t\t\t\t<div class=\"e-con-inner\">\n\t\t\t\t<div class=\"elementor-element elementor-element-c07501f elementor-align-center elementor-widget__width-initial elementor-widget elementor-widget-button\" data-id=\"c07501f\" data-element_type=\"widget\" data-widget_type=\"button.default\">\n\t\t\t\t<div class=\"elementor-widget-container\">\n\t\t\t\t\t\t\t\t\t<div class=\"elementor-button-wrapper\">\n\t\t\t\t\t<a class=\"elementor-button elementor-button-link elementor-size-md\" href=\"?reset-link-sent=true\">\n\t\t\t\t\t\t<span class=\"elementor-button-content-wrapper\">\n\t\t\t\t\t\t\t\t\t<span class=\"elementor-button-text\">G\u1eecI L\u1ea0I EMAIL<\/span>\n\t\t\t\t\t<\/span>\n\t\t\t\t\t<\/a>\n\t\t\t\t<\/div>\n\t\t\t\t\t\t\t\t<\/div>\n\t\t\t\t<\/div>\n\t\t\t\t\t<\/div>\n\t\t\t\t<\/div>\n\t\t\t\t<div class=\"elementor-element elementor-element-6fd7bd7 elementor-widget elementor-widget-heading\" data-id=\"6fd7bd7\" data-element_type=\"widget\" data-widget_type=\"heading.default\">\n\t\t\t\t<div class=\"elementor-widget-container\">\n\t\t\t\t\t<h2 class=\"elementor-heading-title elementor-size-default\">T\u00d4I \u0110\u00c3 X\u00c1C MINH \u0110\u1ecaA CH\u1ec8 EMAIL<\/h2>\t\t\t\t<\/div>\n\t\t\t\t<\/div>\n\t\t\t\t<div class=\"elementor-element elementor-element-e812448 elementor-widget elementor-widget-heading\" data-id=\"e812448\" data-element_type=\"widget\" data-widget_type=\"heading.default\">\n\t\t\t\t<div class=\"elementor-widget-container\">\n\t\t\t\t\t<h2 class=\"elementor-heading-title elementor-size-default\">KH\u00d4NG TH\u1ec2 TRUY C\u1eacP EMAIL C\u1ee6A B\u1ea0N?<\/h2>\t\t\t\t<\/div>\n\t\t\t\t<\/div>\n\t\t\t\t\t<\/div>\n\t\t\t\t<\/div>\n\t\t<div class=\"elementor-element elementor-element-3a18906 e-flex e-con-boxed e-con e-parent\" data-id=\"3a18906\" data-element_type=\"container\">\n\t\t\t\t\t<div class=\"e-con-inner\">\n\t\t\t\t\t<\/div>\n\t\t\t\t<\/div>\n\t\t\t\t<\/div>","protected":false},"excerpt":{"rendered":"<p>X\u00c1C MINH \u0110\u1ecaA CH\u1ec8 EMAIL C\u1ee6A B\u1ea0N Ch\u00fang t\u00f4i \u0111\u00e3 g\u1eedi email \u0111\u1ebfn h\u1ed9p th\u01b0 \u0111\u1ebfn c\u1ee7a b\u1ea1n. Vui l\u00f2ng x\u00e1c minh \u0111\u1ecba ch\u1ec9 email c\u1ee7a b\u1ea1n \u0111\u1ec3 ch\u00fang t\u00f4i c\u00f3 th\u1ec3 x\u00e1c nh\u1eadn danh t\u00ednh c\u1ee7a b\u1ea1n G\u1eecI L\u1ea0I EMAIL T\u00d4I \u0110\u00c3 X\u00c1C MINH \u0110\u1ecaA CH\u1ec8 EMAIL KH\u00d4NG TH\u1ec2 TRUY C\u1eacP EMAIL C\u1ee6A B\u1ea0N?<\/p>","protected":false},"author":1,"featured_media":0,"parent":0,"menu_order":0,"comment_status":"closed","ping_status":"closed","template":"elementor_header_footer","meta":{"footnotes":""},"class_list":["post-3774","page","type-page","status-publish","hentry"],"yoast_head":"<!-- This site is optimized with the Yoast SEO Premium plugin v22.8 (Yoast SEO v26.7) - https:\/\/yoast.com\/wordpress\/plugins\/seo\/ -->\n<title>Send Mail - 1edo community<\/title>\n<meta name=\"description\" content=\"1edo community, VERIFY YOUR EMAIL ADDRESS We have sent the email to your inbox. Please verify your email address so that we can confirm your identity\" \/>\n<meta name=\"robots\" content=\"index, follow, max-snippet:-1, max-image-preview:large, max-video-preview:-1\" \/>\n<link rel=\"canonical\" href=\"https:\/\/communitycdn2.1edo.com\/vn\/send-mail\/\" \/>\n<meta property=\"og:locale\" content=\"vi_VN\" \/>\n<meta property=\"og:type\" content=\"article\" \/>\n<meta property=\"og:title\" content=\"Send Mail\" \/>\n<meta property=\"og:description\" content=\"1edo community, VERIFY YOUR EMAIL ADDRESS We have sent the email to your inbox. Please verify your email address so that we can confirm your identity\" \/>\n<meta property=\"og:url\" content=\"https:\/\/communitycdn2.1edo.com\/vn\/send-mail\/\" \/>\n<meta property=\"og:site_name\" content=\"1edo community\" \/>\n<meta property=\"article:modified_time\" content=\"2026-01-12T02:51:06+00:00\" \/>\n<meta name=\"twitter:card\" content=\"summary_large_image\" \/>\n<meta name=\"twitter:label1\" content=\"\u01af\u1edbc t\u00ednh th\u1eddi gian \u0111\u1ecdc\" \/>\n\t<meta name=\"twitter:data1\" content=\"1 ph\u00fat\" \/>\n<script type=\"application\/ld+json\" class=\"yoast-schema-graph\">{\"@context\":\"https:\/\/schema.org\",\"@graph\":[{\"@type\":\"WebPage\",\"@id\":\"https:\/\/communitycdn2.1edo.com\/ar\/send-mail\/\",\"url\":\"https:\/\/communitycdn2.1edo.com\/ar\/send-mail\/\",\"name\":\"Send Mail - 1edo community\",\"isPartOf\":{\"@id\":\"https:\/\/communitycdn2.1edo.com\/#website\"},\"datePublished\":\"2023-11-06T02:16:35+00:00\",\"dateModified\":\"2026-01-12T02:51:06+00:00\",\"description\":\"1edo community, VERIFY YOUR EMAIL ADDRESS We have sent the email to your inbox. Please verify your email address so that we can confirm your identity\",\"breadcrumb\":{\"@id\":\"https:\/\/communitycdn2.1edo.com\/ar\/send-mail\/#breadcrumb\"},\"inLanguage\":\"vi\",\"potentialAction\":[{\"@type\":\"ReadAction\",\"target\":[\"https:\/\/communitycdn2.1edo.com\/ar\/send-mail\/\"]}]},{\"@type\":\"BreadcrumbList\",\"@id\":\"https:\/\/communitycdn2.1edo.com\/ar\/send-mail\/#breadcrumb\",\"itemListElement\":[{\"@type\":\"ListItem\",\"position\":1,\"name\":\"Home\",\"item\":\"https:\/\/communitycdn2.1edo.com\/\"},{\"@type\":\"ListItem\",\"position\":2,\"name\":\"Send Mail\"}]},{\"@type\":\"WebSite\",\"@id\":\"https:\/\/communitycdn2.1edo.com\/#website\",\"url\":\"https:\/\/communitycdn2.1edo.com\/\",\"name\":\"1edo community\",\"description\":\"1edo community\",\"potentialAction\":[{\"@type\":\"SearchAction\",\"target\":{\"@type\":\"EntryPoint\",\"urlTemplate\":\"https:\/\/communitycdn2.1edo.com\/?s={search_term_string}\"},\"query-input\":{\"@type\":\"PropertyValueSpecification\",\"valueRequired\":true,\"valueName\":\"search_term_string\"}}],\"inLanguage\":\"vi\"}]}<\/script>\n<!-- \/ Yoast SEO Premium plugin. -->","yoast_head_json":{"title":"G\u1eedi th\u01b0 - c\u1ed9ng \u0111\u1ed3ng 1edo","description":"C\u1ed9ng \u0111\u1ed3ng 1edo, X\u00c1C MINH \u0110\u1ecaA CH\u1ec8 EMAIL C\u1ee6A B\u1ea0N Ch\u00fang t\u00f4i \u0111\u00e3 g\u1eedi email \u0111\u1ebfn h\u1ed9p th\u01b0 \u0111\u1ebfn c\u1ee7a b\u1ea1n. Vui l\u00f2ng x\u00e1c minh \u0111\u1ecba ch\u1ec9 email c\u1ee7a b\u1ea1n \u0111\u1ec3 ch\u00fang t\u00f4i c\u00f3 th\u1ec3 x\u00e1c nh\u1eadn danh t\u00ednh c\u1ee7a b\u1ea1n","robots":{"index":"index","follow":"follow","max-snippet":"max-snippet:-1","max-image-preview":"max-image-preview:large","max-video-preview":"max-video-preview:-1"},"canonical":"https:\/\/communitycdn2.1edo.com\/vn\/send-mail\/","og_locale":"vi_VN","og_type":"article","og_title":"Send Mail","og_description":"1edo community, VERIFY YOUR EMAIL ADDRESS We have sent the email to your inbox. Please verify your email address so that we can confirm your identity","og_url":"https:\/\/communitycdn2.1edo.com\/vn\/send-mail\/","og_site_name":"1edo community","article_modified_time":"2026-01-12T02:51:06+00:00","twitter_card":"summary_large_image","twitter_misc":{"\u01af\u1edbc t\u00ednh th\u1eddi gian \u0111\u1ecdc":"1 ph\u00fat"},"schema":{"@context":"https:\/\/schema.org","@graph":[{"@type":"WebPage","@id":"https:\/\/communitycdn2.1edo.com\/ar\/send-mail\/","url":"https:\/\/communitycdn2.1edo.com\/ar\/send-mail\/","name":"G\u1eedi th\u01b0 - c\u1ed9ng \u0111\u1ed3ng 1edo","isPartOf":{"@id":"https:\/\/communitycdn2.1edo.com\/#website"},"datePublished":"2023-11-06T02:16:35+00:00","dateModified":"2026-01-12T02:51:06+00:00","description":"C\u1ed9ng \u0111\u1ed3ng 1edo, X\u00c1C MINH \u0110\u1ecaA CH\u1ec8 EMAIL C\u1ee6A B\u1ea0N Ch\u00fang t\u00f4i \u0111\u00e3 g\u1eedi email \u0111\u1ebfn h\u1ed9p th\u01b0 \u0111\u1ebfn c\u1ee7a b\u1ea1n. Vui l\u00f2ng x\u00e1c minh \u0111\u1ecba ch\u1ec9 email c\u1ee7a b\u1ea1n \u0111\u1ec3 ch\u00fang t\u00f4i c\u00f3 th\u1ec3 x\u00e1c nh\u1eadn danh t\u00ednh c\u1ee7a b\u1ea1n","breadcrumb":{"@id":"https:\/\/communitycdn2.1edo.com\/ar\/send-mail\/#breadcrumb"},"inLanguage":"vi","potentialAction":[{"@type":"ReadAction","target":["https:\/\/communitycdn2.1edo.com\/ar\/send-mail\/"]}]},{"@type":"BreadcrumbList","@id":"https:\/\/communitycdn2.1edo.com\/ar\/send-mail\/#breadcrumb","itemListElement":[{"@type":"ListItem","position":1,"name":"Home","item":"https:\/\/communitycdn2.1edo.com\/"},{"@type":"ListItem","position":2,"name":"Send Mail"}]},{"@type":"WebSite","@id":"https:\/\/communitycdn2.1edo.com\/#website","url":"https:\/\/communitycdn2.1edo.com\/","name":"c\u1ed9ng \u0111\u1ed3ng 1edo","description":"c\u1ed9ng \u0111\u1ed3ng 1edo","potentialAction":[{"@type":"SearchAction","target":{"@type":"EntryPoint","urlTemplate":"https:\/\/communitycdn2.1edo.com\/?s={search_term_string}"},"query-input":{"@type":"PropertyValueSpecification","valueRequired":true,"valueName":"search_term_string"}}],"inLanguage":"vi"}]}},"_links":{"self":[{"href":"https:\/\/communitycdn2.1edo.com\/vn\/wp-json\/wp\/v2\/pages\/3774","targetHints":{"allow":["GET"]}}],"collection":[{"href":"https:\/\/communitycdn2.1edo.com\/vn\/wp-json\/wp\/v2\/pages"}],"about":[{"href":"https:\/\/communitycdn2.1edo.com\/vn\/wp-json\/wp\/v2\/types\/page"}],"author":[{"embeddable":true,"href":"https:\/\/communitycdn2.1edo.com\/vn\/wp-json\/wp\/v2\/users\/1"}],"replies":[{"embeddable":true,"href":"https:\/\/communitycdn2.1edo.com\/vn\/wp-json\/wp\/v2\/comments?post=3774"}],"version-history":[{"count":0,"href":"https:\/\/communitycdn2.1edo.com\/vn\/wp-json\/wp\/v2\/pages\/3774\/revisions"}],"wp:attachment":[{"href":"https:\/\/communitycdn2.1edo.com\/vn\/wp-json\/wp\/v2\/media?parent=3774"}],"curies":[{"name":"trang web","href":"https:\/\/api.w.org\/{rel}","templated":true}]}}